{"id":1757,"date":"2021-10-20T17:35:54","date_gmt":"2021-10-20T21:35:54","guid":{"rendered":"https:\/\/physionancygirard.com\/?page_id=1757"},"modified":"2021-12-10T09:35:53","modified_gmt":"2021-12-10T14:35:53","slug":"a-propos","status":"publish","type":"page","link":"https:\/\/physionancygirard.com\/fr\/a-propos\/","title":{"rendered":"A propos"},"content":{"rendered":"<div class=\"wpb-content-wrapper\"><p>[vc_row css=\u00a0\u00bb.vc_custom_1638206714953{margin-top: 50px !important;}\u00a0\u00bb el_id=\u00a0\u00bbabout-section-row-1&Prime;][vc_column width=\u00a0\u00bb6\/12&Prime; css=\u00a0\u00bb.vc_custom_1467360650255{margin-top: 10px !important;margin-bottom: 10px !important;padding-top: 0px !important;padding-right: 40px !important;}\u00a0\u00bb][vc_column_text el_class=\u00a0\u00bbnd_options_text_align_center_responsive_important about-us-phrase\u00a0\u00bb]<\/p>\n<h2>Physioth\u00e9rapeute manuelle hautement qualifi\u00e9e<\/h2>\n<p>&nbsp;<\/p>\n<h2>Environnement seul \u00e0 seul<\/h2>\n<p>&nbsp;<\/p>\n<h2>Traitements 50% plus longs<\/h2>\n<p>[\/vc_column_text][\/vc_column][vc_column width=\u00a0\u00bb3\/12&Prime; css=\u00a0\u00bb.vc_custom_1467207292391{margin-top: 10px !important;margin-bottom: 10px !important;padding-top: 0px !important;}\u00a0\u00bb][vc_column_text]<\/p>\n<ul>\n<li>Je suis dipl\u00f4m\u00e9e de l\u2019Universit\u00e9 McGill et suis membre de l\u2019Ordre <span style=\"font-weight: 400;\">de<\/span> la Physioth\u00e9rapie du Qu\u00e9bec.<\/li>\n<\/ul>\n<p>[\/vc_column_text][vc_column_text]<\/p>\n<ul>\n<li>J\u2019ai plus de 20 ans d\u2019exp\u00e9rience en m\u00e9decine sportive aupr\u00e8s d\u2019une client\u00e8le active pratiquant divers sports ainsi qu\u2019aupr\u00e8s d\u2019athl\u00e8tes \u00e9lites.<\/li>\n<\/ul>\n<p>[\/vc_column_text][vc_column_text]<\/p>\n<ul>\n<li>J\u2019ai d\u00e9but\u00e9 ma carri\u00e8re dans des cliniques multidisciplinaires \u00e0 Montr\u00e9al et plus tard dans un h\u00f4pital de soins aigus avant de retourner en milieu priv\u00e9.<\/li>\n<\/ul>\n<p>[\/vc_column_text][vc_column_text]<\/p>\n<ul>\n<li>J\u2019ai d\u00e9cid\u00e9 d\u2019ouvrir ma propre Clinique pour passer plus de temps avec mes patients et leur offrir un traitement de haute qualit\u00e9 dans un milieu professionnel et priv\u00e9.<\/li>\n<\/ul>\n<p>[\/vc_column_text][\/vc_column][vc_column width=\u00a0\u00bb3\/12&Prime; css=\u00a0\u00bb.vc_custom_1467207298589{margin-top: 10px !important;margin-bottom: 10px !important;padding-top: 0px !important;}\u00a0\u00bb]\n    <div style=\"text-align:;\" class=\"nd_options_section\">\n      <img decoding=\"async\" alt=\"\" style=\"width:100%;\" class=\" nd_options_margin_0 nd_options_padding_0 \" src=\"https:\/\/physionancygirard.com\/wp-content\/uploads\/2021\/10\/about-nancy.jpg\">\n    <\/div>\n   [vc_column_text]<\/p>\n<ul>\n<li>En tant que physioth\u00e9rapeute hautement qualifi\u00e9e dans un monde en constante \u00e9volution, je continue de me perfectionner en suivant des cours aupr\u00e8s de sp\u00e9cialistes reconnus.<\/li>\n<\/ul>\n<p>[\/vc_column_text][vc_column_text]<\/p>\n<ul>\n<li>Dans ma jeunesse j\u2019ai pratiqu\u00e9 plusieurs sports dont la gymnastique de comp\u00e9tition. Je suis toujours tr\u00e8s active avec le yoga, ski, v\u00e9lo et golf quand le temps le permet.<\/li>\n<\/ul>\n<p>[\/vc_column_text][\/vc_column][\/vc_row][vc_row css=\u00a0\u00bb.vc_custom_1638206725454{margin-top: 60px !important;}\u00a0\u00bb el_id=\u00a0\u00bbabout-section-row-2&Prime;][vc_column width=\u00a0\u00bb1\/6&Prime; css=\u00a0\u00bb.vc_custom_1484577150370{padding-right: 0px !important;padding-left: 0px !important;}\u00a0\u00bb][\/vc_column][vc_column width=\u00a0\u00bb2\/3&Prime; el_class=\u00a0\u00bbnd_options_text_align_center\u00a0\u00bb css=\u00a0\u00bb.vc_custom_1636998878672{background-position: center !important;background-repeat: no-repeat !important;background-size: cover !important;}\u00a0\u00bb][vc_column_text]\r\n\t<div class=\"paoc-image-popup\">\r\n\t\t<a class=\"paoc-popup-click paoc-popup-cust-2179 paoc-popup-image paoc-popup-image\" href=\"javascript:void(0);\"><img decoding=\"async\" class=\"popupaoc-img\" src=\"https:\/\/physionancygirard.com\/wp-content\/uploads\/2021\/11\/nancy-video.jpg\" alt=\"\" \/><\/a>\r\n\r\n\t\t\t<\/div>\r\n\r\n[\/vc_column_text][\/vc_column][vc_column width=\u00a0\u00bb1\/6&Prime;][\/vc_column][\/vc_row][vc_row css=\u00a0\u00bb.vc_custom_1638206735949{margin-top: 60px !important;}\u00a0\u00bb el_id=\u00a0\u00bbabout-section-row-3&Prime;][vc_column] <h3 style=\"color:#0c0c0c; padding:px; text-align:center; font-size:27px; line-height:17px; letter-spacing: 3px; font-weight:bold;\" class=\"   nd_options_second_font \">\u00c0 quoi s\u2019attendre<\/h3> <div style=\"background-color:; height: 20px;\" class=\"nicdark_section  \"><\/div>[\/vc_column][\/vc_row][vc_row css=\u00a0\u00bb.vc_custom_1638206752001{margin-top: 60px !important;}\u00a0\u00bb el_id=\u00a0\u00bbabout-section-row-4&Prime;][vc_column width=\u00a0\u00bb1\/3&Prime;]\n    <div style=\"text-align:center;\" class=\"nd_options_section\">\n      <img decoding=\"async\" alt=\"\" style=\"width:100%;\" class=\" nd_options_margin_0 nd_options_padding_0 \" src=\"https:\/\/physionancygirard.com\/wp-content\/uploads\/2021\/12\/evaluation-initiale-FR.jpg\">\n    <\/div>\n   <div style=\"background-color:; height: 20px;\" class=\"nicdark_section  \"><\/div>[vc_column_text]<\/p>\n<ul>\n<li>Le but est de d\u00e9terminer exactement la nature du probl\u00e8me et de s\u2019assurer que vous compreniez ce qui ne va pas.<\/li>\n<li>Il est important de bien saisir le m\u00e9canisme de blessure, le comportement de la douleur et les limitations fonctionnelles, du travail et sportives qui en d\u00e9coulent.<\/li>\n<li>Des tests sp\u00e9cifiques permettent de mesurer les amplitudes de mouvement, la force, et la flexiibilit\u00e9 pour identifier la structure\u00a0 en cause (tendon, muscle, ligament etc,).<\/li>\n<li>Ceci permet de d\u00e9buter le traitement et la prescription d\u2019exercices.<\/li>\n<\/ul>\n<p>[\/vc_column_text][\/vc_column][vc_column width=\u00a0\u00bb1\/3&Prime;]\n    <div style=\"text-align:center;\" class=\"nd_options_section\">\n      <img decoding=\"async\" alt=\"\" style=\"width:100%;\" class=\" nd_options_margin_0 nd_options_padding_0 \" src=\"https:\/\/physionancygirard.com\/wp-content\/uploads\/2021\/11\/follow-up-FR.jpg\">\n    <\/div>\n   <div style=\"background-color:; height: 20px;\" class=\"nicdark_section  \"><\/div>[vc_column_text]<\/p>\n<ul>\n<li>Un plan de traitement est \u00e9tabli pour r\u00e9pondre \u00e0 vos besoins et des changements y sont apport\u00e9s selon vos progr\u00e8s.<\/li>\n<li>Il y aura souvent des exercices \u00e0 faire \u00e0 domicile qui vous aideront \u00e0 gu\u00e9rir plus vite.<\/li>\n<li>Des re\u00e7us officiels pour vos assurances ou imp\u00f4ts sont toujours fournis.<\/li>\n<\/ul>\n<p>[\/vc_column_text][\/vc_column][vc_column width=\u00a0\u00bb1\/3&Prime;]\n    <div style=\"text-align:center;\" class=\"nd_options_section\">\n      <img decoding=\"async\" alt=\"\" style=\"width:100%;\" class=\" nd_options_margin_0 nd_options_padding_0 \" src=\"https:\/\/physionancygirard.com\/wp-content\/uploads\/2021\/11\/return-to-action-FR.jpg\">\n    <\/div>\n   <div style=\"background-color:; height: 20px;\" class=\"nicdark_section  \"><\/div>[vc_column_text]<\/p>\n<ul>\n<li>Une fois que vous \u00eates r\u00e9tabli, vous aurez cong\u00e9 de physio.<\/li>\n<li>La poursuite de certains exercices \u00e9vitera une r\u00e9currence du probl\u00e8me.<\/li>\n<li>Vous pourrez toujours me contacter pour des conseils, une progression d\u2019exercices ou une <span style=\"font-weight: 400;\">nouvelle<\/span> blessure.<\/li>\n<\/ul>\n<p>[\/vc_column_text][\/vc_column][\/vc_row][vc_row full_width=\u00a0\u00bbstretch_row\u00a0\u00bb parallax=\u00a0\u00bbcontent-moving\u00a0\u00bb parallax_image=\u00a0\u00bb1350&Prime; css=\u00a0\u00bb.vc_custom_1629409355697{margin-top: 60px !important;padding-top: 100px !important;padding-bottom: 100px !important;}\u00a0\u00bb el_class=\u00a0\u00bbnd_options_vc_parallax_filter_1_3 center-background\u00a0\u00bb][vc_column width=\u00a0\u00bb1\/6&Prime;][\/vc_column][vc_column width=\u00a0\u00bb2\/3&Prime;] <p style=\"color:#ffffff; padding:px; text-align:center; font-size:50px; line-height:50px; letter-spacing: px; font-weight:normal;\" class=\"  call-to-action-mobile-text nd_options_first_font \">POUR PRENDRE RENDEZ-VOUS, VEUILLEZ CONTACTER NANCY CONTACT<\/p> <div style=\"background-color:; height: 30px;\" class=\"nicdark_section  \"><\/div>\n\t<div class=\"nd_options_section nd_options_text_align_center\">\n\t<a style=\"border: px solid #00aeef; border-radius:25px; letter-spacing:px; line-height:16px; font-size:16px; background-color:#00aeef; padding:15px 25px; margin:; color:#ffffff;\" rel=\"\"  href=\"https:\/\/physionancygirard.com\/fr\/contact\/\" class=\"nicdark_display_inline_block   nd_options_first_font  \">CONTACT<\/a>\n\t<\/div>\n<div style=\"background-color:; height: 30px;\" class=\"nicdark_section  \"><\/div>[\/vc_column][vc_column width=\u00a0\u00bb1\/6&Prime;][\/vc_column][\/vc_row]<\/p>\n<\/div>","protected":false},"excerpt":{"rendered":"<p>[vc_row css=\u00a0\u00bb.vc_custom_1638206714953{margin-top: 50px !important;}\u00a0\u00bb el_id=\u00a0\u00bbabout-section-row-1&Prime;][vc_column width=\u00a0\u00bb6\/12&Prime; css=\u00a0\u00bb.vc_custom_1467360650255{margin-top: 10px !important;margin-bottom: 10px !important;padding-top: 0px !important;padding-right: 40px !important;}\u00a0\u00bb][vc_column_text el_class=\u00a0\u00bbnd_options_text_align_center_responsive_important about-us-phrase\u00a0\u00bb] Physioth\u00e9rapeute manuelle hautement qualifi\u00e9e &nbsp; Environnement seul \u00e0 seul &nbsp; Traitements 50% plus longs [\/vc_column_text][\/vc_column][vc_column width=\u00a0\u00bb3\/12&Prime; css=\u00a0\u00bb.vc_custom_1467207292391{margin-top: 10px !important;margin-bottom: 10px !important;padding-top: 0px !important;}\u00a0\u00bb][vc_column_text] Je suis dipl\u00f4m\u00e9e de l\u2019Universit\u00e9 McGill et suis membre de l\u2019Ordre de la Physioth\u00e9rapie du [&hellip;]<\/p>\n","protected":false},"author":1,"featured_media":0,"parent":0,"menu_order":0,"comment_status":"closed","ping_status":"closed","template":"","meta":{"footnotes":""},"class_list":["post-1757","page","type-page","status-publish","hentry"],"_links":{"self":[{"href":"https:\/\/physionancygirard.com\/fr\/wp-json\/wp\/v2\/pages\/1757","targetHints":{"allow":["GET"]}}],"collection":[{"href":"https:\/\/physionancygirard.com\/fr\/wp-json\/wp\/v2\/pages"}],"about":[{"href":"https:\/\/physionancygirard.com\/fr\/wp-json\/wp\/v2\/types\/page"}],"author":[{"embeddable":true,"href":"https:\/\/physionancygirard.com\/fr\/wp-json\/wp\/v2\/users\/1"}],"replies":[{"embeddable":true,"href":"https:\/\/physionancygirard.com\/fr\/wp-json\/wp\/v2\/comments?post=1757"}],"version-history":[{"count":18,"href":"https:\/\/physionancygirard.com\/fr\/wp-json\/wp\/v2\/pages\/1757\/revisions"}],"predecessor-version":[{"id":2208,"href":"https:\/\/physionancygirard.com\/fr\/wp-json\/wp\/v2\/pages\/1757\/revisions\/2208"}],"wp:attachment":[{"href":"https:\/\/physionancygirard.com\/fr\/wp-json\/wp\/v2\/media?parent=1757"}],"curies":[{"name":"wp","href":"https:\/\/api.w.org\/{rel}","templated":true}]}}