{"id":1824,"date":"2021-10-20T18:18:39","date_gmt":"2021-10-20T22:18:39","guid":{"rendered":"https:\/\/physionancygirard.com\/?page_id=1824"},"modified":"2021-12-15T11:30:19","modified_gmt":"2021-12-15T16:30:19","slug":"services","status":"publish","type":"page","link":"https:\/\/physionancygirard.com\/fr\/services\/","title":{"rendered":"Services"},"content":{"rendered":"<div class=\"wpb-content-wrapper\"><p>[vc_row disable_element=\u00a0\u00bbyes\u00a0\u00bb css=\u00a0\u00bb.vc_custom_1629493506901{margin-top: 50px !important;}\u00a0\u00bb][vc_column css=\u00a0\u00bb.vc_custom_1486118015473{padding-right: 0px !important;padding-left: 0px !important;}\u00a0\u00bb]\n\n\n\t<script type=\"text\/javascript\">\n    \/\/<![CDATA[\n    \n    jQuery(document).ready(function() {\n\n      \/\/START masonry\n      jQuery(function ($) {\n        \n        \/\/Masonry\n\t\tvar $nd_options_masonry_content = $(\".nd_options_masonry_content\").imagesLoaded( function() {\n\t\t  \/\/ init Masonry after all images have loaded\n\t\t  $nd_options_masonry_content.masonry({\n\t\t    itemSelector: \".nd_options_masonry_item\"\n\t\t  });\n\t\t});\n\n\n      });\n      \/\/END masonry\n\n    });\n\n    \/\/]]>\n  <\/script>\n\n\n<!--START MASONRY--><div class=\"nd_options_section nd_options_masonry_content  \"><\/div><!--CLOSE MASONRY-->[\/vc_column][\/vc_row][vc_row][vc_column]<div style=\"background-color:; height: 40px;\" class=\"nicdark_section  \"><\/div>[\/vc_column][\/vc_row][vc_row equal_height=\u00a0\u00bbyes\u00a0\u00bb el_class=\u00a0\u00bbcol-align-bottom\u00a0\u00bb][vc_column width=\u00a0\u00bb1\/3&Prime;][vc_single_image image=\u00a0\u00bb2123&Prime; img_size=\u00a0\u00bblarge\u00a0\u00bb alignment=\u00a0\u00bbcenter\u00a0\u00bb onclick=\u00a0\u00bbcustom_link\u00a0\u00bb link=\u00a0\u00bbhttps:\/\/physionancygirard.com\/fr\/services\/therapie-manuelle\/\u00a0\u00bb]<div style=\"background-color:; height: 20px;\" class=\"nicdark_section  \"><\/div> <h5 style=\"color:#a3a3a3; padding:px; text-align:center; font-size:12px; line-height:12px; letter-spacing: 3px; font-weight:lighter;\" class=\"   nd_options_second_font \">SERVICES<\/h5> <div style=\"background-color:; height: 10px;\" class=\"nicdark_section  \"><\/div>[vc_custom_heading text=\u00a0\u00bbTh\u00e9rapie Manuelle\u00a0\u00bb font_container=\u00a0\u00bbtag:h2|font_size:25px|text_align:center|color:%23707070|line_height:25px\u00a0\u00bb google_fonts=\u00a0\u00bbfont_family:Open%20Sans%3A300%2C300italic%2Cregular%2Citalic%2C600%2C600italic%2C700%2C700italic%2C800%2C800italic|font_style:400%20regular%3A400%3Anormal\u00a0\u00bb link=\u00a0\u00bburl:https%3A%2F%2Fphysionancygirard.com%2Ffr%2Fservices%2Ftherapie-manuelle%2F|title:Th%C3%A9rapie%20Manuelle\u00a0\u00bb el_class=\u00a0\u00bbtitle-service\u00a0\u00bb]<div style=\"background-color:; height: 10px;\" class=\"nicdark_section  \"><\/div>[vc_column_text]<\/p>\n<ul>\n<li>Ex\u00e9cut\u00e9 avec les mains, les articulations sont mobilis\u00e9s dans certaines directions et \u00e0 diff\u00e9rentes vitesses pour retrouver un mouvement complet.<\/li>\n<\/ul>\n<p>[\/vc_column_text]<div style=\"background-color:; height: 10px;\" class=\"nicdark_section space-before-btn \"><\/div><div style=\"background-color:; height: 30px;\" class=\"nicdark_section  \"><\/div>[\/vc_column][vc_column width=\u00a0\u00bb1\/3&Prime;][vc_single_image image=\u00a0\u00bb1937&Prime; img_size=\u00a0\u00bblarge\u00a0\u00bb alignment=\u00a0\u00bbcenter\u00a0\u00bb onclick=\u00a0\u00bbcustom_link\u00a0\u00bb link=\u00a0\u00bbhttps:\/\/physionancygirard.com\/fr\/services\/relachement-myofascial\/\u00a0\u00bb]<div style=\"background-color:; height: 20px;\" class=\"nicdark_section  \"><\/div> <h5 style=\"color:#a3a3a3; padding:px; text-align:center; font-size:12px; line-height:12px; letter-spacing: 3px; font-weight:lighter;\" class=\"   nd_options_second_font \">SERVICES<\/h5> <div style=\"background-color:; height: 10px;\" class=\"nicdark_section  \"><\/div>[vc_custom_heading text=\u00a0\u00bbRel\u00e2chement Myofascial\u00a0\u00bb font_container=\u00a0\u00bbtag:h2|font_size:25px|text_align:center|color:%23707070|line_height:25px\u00a0\u00bb google_fonts=\u00a0\u00bbfont_family:Open%20Sans%3A300%2C300italic%2Cregular%2Citalic%2C600%2C600italic%2C700%2C700italic%2C800%2C800italic|font_style:400%20regular%3A400%3Anormal\u00a0\u00bb link=\u00a0\u00bburl:https%3A%2F%2Fphysionancygirard.com%2Ffr%2Fservices%2Frelachement-myofascial%2F|title:Rel%C3%A2chement%20Myofascial\u00a0\u00bb el_class=\u00a0\u00bbtitle-service\u00a0\u00bb]<div style=\"background-color:; height: 10px;\" class=\"nicdark_section  \"><\/div>[vc_column_text]<\/p>\n<ul>\n<li>Aide \u00e0 rel\u00e2cher les muscles qui causent des spasmes chroniques, des douleurs et de la raideur et retrouver un mouvement complet.<\/li>\n<\/ul>\n<p>[\/vc_column_text]<div style=\"background-color:; height: 10px;\" class=\"nicdark_section space-before-btn \"><\/div><div style=\"background-color:; height: 30px;\" class=\"nicdark_section  \"><\/div>[\/vc_column][vc_column width=\u00a0\u00bb1\/3&Prime;][vc_single_image image=\u00a0\u00bb1933&Prime; img_size=\u00a0\u00bblarge\u00a0\u00bb alignment=\u00a0\u00bbcenter\u00a0\u00bb onclick=\u00a0\u00bbcustom_link\u00a0\u00bb link=\u00a0\u00bbhttps:\/\/physionancygirard.com\/fr\/services\/therapie-cranio-sacree\/\u00a0\u00bb]<div style=\"background-color:; height: 20px;\" class=\"nicdark_section  \"><\/div> <h5 style=\"color:#a3a3a3; padding:px; text-align:center; font-size:12px; line-height:12px; letter-spacing: 3px; font-weight:lighter;\" class=\"   nd_options_second_font \">SERVICES<\/h5> <div style=\"background-color:; height: 10px;\" class=\"nicdark_section  \"><\/div>[vc_custom_heading text=\u00a0\u00bbTh\u00e9rapie Cranio-Sacr\u00e9e\u00a0\u00bb font_container=\u00a0\u00bbtag:h2|font_size:25px|text_align:center|color:%23707070|line_height:25px\u00a0\u00bb google_fonts=\u00a0\u00bbfont_family:Open%20Sans%3A300%2C300italic%2Cregular%2Citalic%2C600%2C600italic%2C700%2C700italic%2C800%2C800italic|font_style:400%20regular%3A400%3Anormal\u00a0\u00bb link=\u00a0\u00bburl:https%3A%2F%2Fphysionancygirard.com%2Ffr%2Fservices%2Ftherapie-cranio-sacree%2F|title:Th%C3%A9rapie%20Cranio-Sacr%C3%A9e\u00a0\u00bb el_class=\u00a0\u00bbtitle-service\u00a0\u00bb]<div style=\"background-color:; height: 10px;\" class=\"nicdark_section  \"><\/div>[vc_column_text]<\/p>\n<ul>\n<li><span style=\"font-weight: 400;\">Une approche tr\u00e8s douce qui vise \u00e0 mobiliser la durem\u00e8re, les nerfs et leurs enveloppes efficace pour migraines et sciatalgies.<\/span><\/li>\n<\/ul>\n<p>[\/vc_column_text]<div style=\"background-color:; height: 10px;\" class=\"nicdark_section space-before-btn \"><\/div><div style=\"background-color:; height: 30px;\" class=\"nicdark_section  \"><\/div>[\/vc_column][\/vc_row][vc_row][vc_column]<div style=\"background-color:; height: 30px;\" class=\"nicdark_section  \"><\/div>[\/vc_column][\/vc_row][vc_row equal_height=\u00a0\u00bbyes\u00a0\u00bb el_class=\u00a0\u00bbcol-align-bottom\u00a0\u00bb][vc_column width=\u00a0\u00bb1\/3&Prime; css=\u00a0\u00bb.vc_custom_1638380615030{padding-bottom: 20px !important;}\u00a0\u00bb][vc_single_image image=\u00a0\u00bb1789&Prime; img_size=\u00a0\u00bblarge\u00a0\u00bb alignment=\u00a0\u00bbcenter\u00a0\u00bb onclick=\u00a0\u00bbcustom_link\u00a0\u00bb link=\u00a0\u00bbhttps:\/\/physionancygirard.com\/fr\/services\/reeducation-vertiges\/\u00a0\u00bb]<div style=\"background-color:; height: 20px;\" class=\"nicdark_section  \"><\/div> <h5 style=\"color:#a3a3a3; padding:px; text-align:center; font-size:12px; line-height:12px; letter-spacing: 3px; font-weight:lighter;\" class=\"   nd_options_second_font \">SERVICES<\/h5> <div style=\"background-color:; height: 10px;\" class=\"nicdark_section  \"><\/div>[vc_custom_heading text=\u00a0\u00bbR\u00e9\u00e9ducation Vertiges\u00a0\u00bb font_container=\u00a0\u00bbtag:h2|font_size:25px|text_align:center|color:%23707070|line_height:25px\u00a0\u00bb google_fonts=\u00a0\u00bbfont_family:Open%20Sans%3A300%2C300italic%2Cregular%2Citalic%2C600%2C600italic%2C700%2C700italic%2C800%2C800italic|font_style:400%20regular%3A400%3Anormal\u00a0\u00bb link=\u00a0\u00bburl:https%3A%2F%2Fphysionancygirard.com%2Ffr%2Fservices%2Freeducation-vertiges%2F|title:R%C3%A9%C3%A9ducation%20Vertiges\u00a0\u00bb el_class=\u00a0\u00bbtitle-service\u00a0\u00bb]<div style=\"background-color:; height: 10px;\" class=\"nicdark_section  \"><\/div>[vc_column_text]<\/p>\n<ul>\n<li><span style=\"font-weight: 400;\">Il existe plusieurs causes d\u2019\u00e9tourdissements mais la physioth\u00e9rapie est utile pour celles qui ont pour origine l\u2019oreille interne. <\/span><\/li>\n<\/ul>\n<p>[\/vc_column_text]<div style=\"background-color:; height: 10px;\" class=\"nicdark_section space-before-btn \"><\/div><div style=\"background-color:; height: 30px;\" class=\"nicdark_section  \"><\/div>[\/vc_column][vc_column width=\u00a0\u00bb1\/3&Prime; css=\u00a0\u00bb.vc_custom_1638380631174{padding-bottom: 20px !important;}\u00a0\u00bb][vc_single_image image=\u00a0\u00bb1790&Prime; img_size=\u00a0\u00bblarge\u00a0\u00bb alignment=\u00a0\u00bbcenter\u00a0\u00bb onclick=\u00a0\u00bbcustom_link\u00a0\u00bb link=\u00a0\u00bbhttps:\/\/physionancygirard.com\/fr\/services\/reeducation-plancher-pelvien\/\u00a0\u00bb]<div style=\"background-color:; height: 20px;\" class=\"nicdark_section  \"><\/div> <h5 style=\"color:#a3a3a3; padding:px; text-align:center; font-size:12px; line-height:12px; letter-spacing: 3px; font-weight:lighter;\" class=\"   nd_options_second_font \">SERVICES<\/h5> <div style=\"background-color:; height: 10px;\" class=\"nicdark_section  \"><\/div>[vc_custom_heading text=\u00a0\u00bbR\u00e9education Plancher Pelvien\u00a0\u00bb font_container=\u00a0\u00bbtag:h2|font_size:25px|text_align:center|color:%23707070|line_height:25px\u00a0\u00bb google_fonts=\u00a0\u00bbfont_family:Open%20Sans%3A300%2C300italic%2Cregular%2Citalic%2C600%2C600italic%2C700%2C700italic%2C800%2C800italic|font_style:400%20regular%3A400%3Anormal\u00a0\u00bb link=\u00a0\u00bburl:https%3A%2F%2Fphysionancygirard.com%2Ffr%2Fservices%2Freeducation-plancher-pelvien%2F|title:R%C3%A9education%20Plancher%20Pelvien\u00a0\u00bb el_class=\u00a0\u00bbtitle-service\u00a0\u00bb]<div style=\"background-color:; height: 10px;\" class=\"nicdark_section  \"><\/div>[vc_column_text]<\/p>\n<ul>\n<li><span style=\"font-weight: 400;\">La physioth\u00e9rapie peut aider et est reconnue par les urolgues comme tr\u00e8s efficace pour traiter les probl\u00e8mes d\u2019incontinence urinaire.<\/span><\/li>\n<\/ul>\n<p>[\/vc_column_text]<div style=\"background-color:; height: 10px;\" class=\"nicdark_section space-before-btn \"><\/div><div style=\"background-color:; height: 30px;\" class=\"nicdark_section  \"><\/div>[\/vc_column][vc_column width=\u00a0\u00bb1\/3&Prime; css=\u00a0\u00bb.vc_custom_1638380639357{padding-bottom: 20px !important;}\u00a0\u00bb][vc_single_image image=\u00a0\u00bb1791&Prime; img_size=\u00a0\u00bblarge\u00a0\u00bb alignment=\u00a0\u00bbcenter\u00a0\u00bb onclick=\u00a0\u00bbcustom_link\u00a0\u00bb link=\u00a0\u00bbhttps:\/\/physionancygirard.com\/fr\/services\/trauma-cranien\/\u00a0\u00bb]<div style=\"background-color:; height: 20px;\" class=\"nicdark_section  \"><\/div> <h5 style=\"color:#a3a3a3; padding:px; text-align:center; font-size:12px; line-height:12px; letter-spacing: 3px; font-weight:lighter;\" class=\"   nd_options_second_font \">SERVICES<\/h5> <div style=\"background-color:; height: 10px;\" class=\"nicdark_section  \"><\/div>[vc_custom_heading text=\u00a0\u00bbTrauma Cr\u00e2nien\u00a0\u00bb font_container=\u00a0\u00bbtag:h2|font_size:25px|text_align:center|color:%23707070|line_height:25px\u00a0\u00bb google_fonts=\u00a0\u00bbfont_family:Open%20Sans%3A300%2C300italic%2Cregular%2Citalic%2C600%2C600italic%2C700%2C700italic%2C800%2C800italic|font_style:400%20regular%3A400%3Anormal\u00a0\u00bb link=\u00a0\u00bburl:https%3A%2F%2Fphysionancygirard.com%2Ffr%2Fservices%2Ftrauma-cranien%2F|title:Trauma%20Cr%C3%A2nien\u00a0\u00bb el_class=\u00a0\u00bbtitle-service\u00a0\u00bb]<div style=\"background-color:; height: 10px;\" class=\"nicdark_section  \"><\/div>[vc_column_text]<\/p>\n<ul>\n<li>Des exercices peuvent aider avec les \u00e9tourdissements, probl\u00e8mes visuels et d\u2019\u00e9quilibre, migraines et douleurs au cou.<\/li>\n<\/ul>\n<p>[\/vc_column_text]<div style=\"background-color:; height: 10px;\" class=\"nicdark_section space-before-btn \"><\/div><div style=\"background-color:; height: 30px;\" class=\"nicdark_section  \"><\/div>[\/vc_column][\/vc_row][vc_row][vc_column]<div style=\"background-color:; height: 30px;\" class=\"nicdark_section  \"><\/div>[\/vc_column][\/vc_row][vc_row equal_height=\u00a0\u00bbyes\u00a0\u00bb el_class=\u00a0\u00bbcol-align-bottom\u00a0\u00bb][vc_column width=\u00a0\u00bb1\/3&Prime; css=\u00a0\u00bb.vc_custom_1638380649299{padding-bottom: 20px !important;}\u00a0\u00bb][vc_single_image image=\u00a0\u00bb2107&Prime; img_size=\u00a0\u00bblarge\u00a0\u00bb alignment=\u00a0\u00bbcenter\u00a0\u00bb onclick=\u00a0\u00bbcustom_link\u00a0\u00bb link=\u00a0\u00bbhttps:\/\/physionancygirard.com\/fr\/services\/stabilisation-du-tronc\/\u00a0\u00bb]<div style=\"background-color:; height: 20px;\" class=\"nicdark_section  \"><\/div> <h5 style=\"color:#a3a3a3; padding:px; text-align:center; font-size:12px; line-height:12px; letter-spacing: 3px; font-weight:lighter;\" class=\"   nd_options_second_font \">SERVICES<\/h5> <div style=\"background-color:; height: 10px;\" class=\"nicdark_section  \"><\/div>[vc_custom_heading text=\u00a0\u00bbStabilisation du Tronc\u00a0\u00bb font_container=\u00a0\u00bbtag:h2|font_size:25px|text_align:center|color:%23707070|line_height:25px\u00a0\u00bb google_fonts=\u00a0\u00bbfont_family:Open%20Sans%3A300%2C300italic%2Cregular%2Citalic%2C600%2C600italic%2C700%2C700italic%2C800%2C800italic|font_style:400%20regular%3A400%3Anormal\u00a0\u00bb link=\u00a0\u00bburl:https%3A%2F%2Fphysionancygirard.com%2Ffr%2Fservices%2Fstabilisation-du-tronc%2F|title:Stabilisation%20du%20Tronc\u00a0\u00bb el_class=\u00a0\u00bbtitle-service\u00a0\u00bb]<div style=\"background-color:; height: 10px;\" class=\"nicdark_section  \"><\/div>[vc_column_text]<\/p>\n<ul>\n<li>Les muscles stabilisateurs du tronc agissent ensemble pour stabiliser la colonne et la prot\u00e9ger des blessures lors de mouvements.<\/li>\n<\/ul>\n<p>[\/vc_column_text]<div style=\"background-color:; height: 10px;\" class=\"nicdark_section space-before-btn \"><\/div><div style=\"background-color:; height: 30px;\" class=\"nicdark_section  \"><\/div>[\/vc_column][vc_column width=\u00a0\u00bb1\/3&Prime; css=\u00a0\u00bb.vc_custom_1638380658274{padding-bottom: 20px !important;}\u00a0\u00bb][vc_single_image image=\u00a0\u00bb1929&Prime; img_size=\u00a0\u00bblarge\u00a0\u00bb alignment=\u00a0\u00bbcenter\u00a0\u00bb onclick=\u00a0\u00bbcustom_link\u00a0\u00bb link=\u00a0\u00bbhttps:\/\/physionancygirard.com\/fr\/services\/modalites-anti-inflammatoires\/\u00a0\u00bb]<div style=\"background-color:; height: 20px;\" class=\"nicdark_section  \"><\/div> <h5 style=\"color:#a3a3a3; padding:px; text-align:center; font-size:12px; line-height:12px; letter-spacing: 3px; font-weight:lighter;\" class=\"   nd_options_second_font \">SERVICES<\/h5> <div style=\"background-color:; height: 10px;\" class=\"nicdark_section  \"><\/div>[vc_custom_heading text=\u00a0\u00bbModalit\u00e9s Anti-Inflammatoires\u00a0\u00bb font_container=\u00a0\u00bbtag:h2|font_size:25px|text_align:center|color:%23707070|line_height:25px\u00a0\u00bb google_fonts=\u00a0\u00bbfont_family:Open%20Sans%3A300%2C300italic%2Cregular%2Citalic%2C600%2C600italic%2C700%2C700italic%2C800%2C800italic|font_style:400%20regular%3A400%3Anormal\u00a0\u00bb link=\u00a0\u00bburl:https%3A%2F%2Fphysionancygirard.com%2Ffr%2Fservices%2Fmodalites-anti-inflammatoires%2F|title:Modalit%C3%A9s%20Anti-Inflammatoires\u00a0\u00bb el_class=\u00a0\u00bbtitle-service\u00a0\u00bb]<div style=\"background-color:; height: 10px;\" class=\"nicdark_section  \"><\/div>[vc_column_text]<\/p>\n<ul>\n<li>Les modalit\u00e9s anti-inflammatoires \u00e9lectriques comme l\u2019interf\u00e9rentiel et les ultrasons sont fort utiles pour diminuer l\u2019enflure et la douleur.<\/li>\n<\/ul>\n<p>[\/vc_column_text]<div style=\"background-color:; height: 10px;\" class=\"nicdark_section space-before-btn \"><\/div><div style=\"background-color:; height: 30px;\" class=\"nicdark_section  \"><\/div>[\/vc_column][vc_column width=\u00a0\u00bb1\/3&Prime; css=\u00a0\u00bb.vc_custom_1638380665218{padding-bottom: 20px !important;}\u00a0\u00bb][vc_single_image image=\u00a0\u00bb1935&Prime; img_size=\u00a0\u00bblarge\u00a0\u00bb alignment=\u00a0\u00bbright\u00a0\u00bb onclick=\u00a0\u00bbcustom_link\u00a0\u00bb link=\u00a0\u00bbhttps:\/\/physionancygirard.com\/fr\/services\/prescription-dexercices\/\u00a0\u00bb]<div style=\"background-color:; height: 20px;\" class=\"nicdark_section  \"><\/div> <h5 style=\"color:#a3a3a3; padding:px; text-align:center; font-size:12px; line-height:12px; letter-spacing: 3px; font-weight:lighter;\" class=\"   nd_options_second_font \">SERVICES<\/h5> <div style=\"background-color:; height: 10px;\" class=\"nicdark_section  \"><\/div>[vc_custom_heading text=\u00a0\u00bbPrescription d\u2019exercices\u00a0\u00bb font_container=\u00a0\u00bbtag:h2|font_size:25px|text_align:center|color:%23707070|line_height:25px\u00a0\u00bb google_fonts=\u00a0\u00bbfont_family:Open%20Sans%3A300%2C300italic%2Cregular%2Citalic%2C600%2C600italic%2C700%2C700italic%2C800%2C800italic|font_style:400%20regular%3A400%3Anormal\u00a0\u00bb link=\u00a0\u00bburl:https%3A%2F%2Fphysionancygirard.com%2Ffr%2Fservices%2Fprescription-dexercices%2F|title:Prescription%20d%E2%80%99exercices\u00a0\u00bb el_class=\u00a0\u00bbtitle-service\u00a0\u00bb]<div style=\"background-color:; height: 10px;\" class=\"nicdark_section  \"><\/div>[vc_column_text]<\/p>\n<ul>\n<li><span style=\"font-weight: 400;\">Un programme d\u2019exercices adapt\u00e9 \u00e0 vos besoins et \u00e0 votre niveau d\u2019activit\u00e9 physique sera prescrit et contribuera \u00e0 votre bien-\u00eatre.<\/span><\/li>\n<\/ul>\n<p>[\/vc_column_text]<div style=\"background-color:; height: 10px;\" class=\"nicdark_section space-before-btn \"><\/div><div style=\"background-color:; height: 30px;\" class=\"nicdark_section  \"><\/div>[\/vc_column][\/vc_row][vc_row][vc_column]<div style=\"background-color:; height: 30px;\" class=\"nicdark_section  \"><\/div>[\/vc_column][\/vc_row][vc_row full_width=\u00a0\u00bbstretch_row\u00a0\u00bb parallax=\u00a0\u00bbcontent-moving\u00a0\u00bb parallax_image=\u00a0\u00bb1350&Prime; css=\u00a0\u00bb.vc_custom_1629409355697{margin-top: 60px !important;padding-top: 100px !important;padding-bottom: 100px !important;}\u00a0\u00bb el_class=\u00a0\u00bbnd_options_vc_parallax_filter_1_3 center-background\u00a0\u00bb][vc_column width=\u00a0\u00bb1\/6&Prime;][\/vc_column][vc_column width=\u00a0\u00bb2\/3&Prime;] <p style=\"color:#ffffff; padding:px; text-align:center; font-size:50px; line-height:50px; letter-spacing: px; font-weight:normal;\" class=\"  call-to-action-mobile-text nd_options_first_font \">POUR PRENDRE RENDEZ-VOUS, VEUILLEZ CONTACTER NANCY<\/p> <div style=\"background-color:; height: 30px;\" class=\"nicdark_section  \"><\/div>\n\t<div class=\"nd_options_section nd_options_text_align_center\">\n\t<a style=\"border: px solid #00aeef; border-radius:25px; letter-spacing:px; line-height:16px; font-size:16px; background-color:#00aeef; padding:15px 25px; margin:; color:#ffffff;\" rel=\"\"  href=\"https:\/\/physionancygirard.com\/fr\/contact\/\" class=\"nicdark_display_inline_block   nd_options_first_font  \">CONTACT<\/a>\n\t<\/div>\n<div style=\"background-color:; height: 30px;\" class=\"nicdark_section  \"><\/div>[\/vc_column][vc_column width=\u00a0\u00bb1\/6&Prime;][\/vc_column][\/vc_row]<\/p>\n<\/div>","protected":false},"excerpt":{"rendered":"<p>[vc_row disable_element=\u00a0\u00bbyes\u00a0\u00bb css=\u00a0\u00bb.vc_custom_1629493506901{margin-top: 50px !important;}\u00a0\u00bb][vc_column css=\u00a0\u00bb.vc_custom_1486118015473{padding-right: 0px !important;padding-left: 0px !important;}\u00a0\u00bb][\/vc_column][\/vc_row][vc_row][vc_column][\/vc_column][\/vc_row][vc_row equal_height=\u00a0\u00bbyes\u00a0\u00bb el_class=\u00a0\u00bbcol-align-bottom\u00a0\u00bb][vc_column width=\u00a0\u00bb1\/3&Prime;][vc_single_image image=\u00a0\u00bb2123&Prime; img_size=\u00a0\u00bblarge\u00a0\u00bb alignment=\u00a0\u00bbcenter\u00a0\u00bb onclick=\u00a0\u00bbcustom_link\u00a0\u00bb link=\u00a0\u00bbhttps:\/\/physionancygirard.com\/fr\/services\/therapie-manuelle\/\u00a0\u00bb][vc_custom_heading text=\u00a0\u00bbTh\u00e9rapie Manuelle\u00a0\u00bb font_container=\u00a0\u00bbtag:h2|font_size:25px|text_align:center|color:%23707070|line_height:25px\u00a0\u00bb google_fonts=\u00a0\u00bbfont_family:Open%20Sans%3A300%2C300italic%2Cregular%2Citalic%2C600%2C600italic%2C700%2C700italic%2C800%2C800italic|font_style:400%20regular%3A400%3Anormal\u00a0\u00bb link=\u00a0\u00bburl:https%3A%2F%2Fphysionancygirard.com%2Ffr%2Fservices%2Ftherapie-manuelle%2F|title:Th%C3%A9rapie%20Manuelle\u00a0\u00bb el_class=\u00a0\u00bbtitle-service\u00a0\u00bb][vc_column_text] Ex\u00e9cut\u00e9 avec les mains, les articulations sont mobilis\u00e9s dans certaines directions et \u00e0 diff\u00e9rentes vitesses pour retrouver un mouvement complet. [\/vc_column_text][\/vc_column][vc_column width=\u00a0\u00bb1\/3&Prime;][vc_single_image image=\u00a0\u00bb1937&Prime; img_size=\u00a0\u00bblarge\u00a0\u00bb alignment=\u00a0\u00bbcenter\u00a0\u00bb onclick=\u00a0\u00bbcustom_link\u00a0\u00bb link=\u00a0\u00bbhttps:\/\/physionancygirard.com\/fr\/services\/relachement-myofascial\/\u00a0\u00bb][vc_custom_heading text=\u00a0\u00bbRel\u00e2chement Myofascial\u00a0\u00bb font_container=\u00a0\u00bbtag:h2|font_size:25px|text_align:center|color:%23707070|line_height:25px\u00a0\u00bb google_fonts=\u00a0\u00bbfont_family:Open%20Sans%3A300%2C300italic%2Cregular%2Citalic%2C600%2C600italic%2C700%2C700italic%2C800%2C800italic|font_style:400%20regular%3A400%3Anormal\u00a0\u00bb [&hellip;]<\/p>\n","protected":false},"author":1,"featured_media":0,"parent":0,"menu_order":0,"comment_status":"closed","ping_status":"closed","template":"","meta":{"footnotes":""},"class_list":["post-1824","page","type-page","status-publish","hentry"],"_links":{"self":[{"href":"https:\/\/physionancygirard.com\/fr\/wp-json\/wp\/v2\/pages\/1824","targetHints":{"allow":["GET"]}}],"collection":[{"href":"https:\/\/physionancygirard.com\/fr\/wp-json\/wp\/v2\/pages"}],"about":[{"href":"https:\/\/physionancygirard.com\/fr\/wp-json\/wp\/v2\/types\/page"}],"author":[{"embeddable":true,"href":"https:\/\/physionancygirard.com\/fr\/wp-json\/wp\/v2\/users\/1"}],"replies":[{"embeddable":true,"href":"https:\/\/physionancygirard.com\/fr\/wp-json\/wp\/v2\/comments?post=1824"}],"version-history":[{"count":36,"href":"https:\/\/physionancygirard.com\/fr\/wp-json\/wp\/v2\/pages\/1824\/revisions"}],"predecessor-version":[{"id":2231,"href":"https:\/\/physionancygirard.com\/fr\/wp-json\/wp\/v2\/pages\/1824\/revisions\/2231"}],"wp:attachment":[{"href":"https:\/\/physionancygirard.com\/fr\/wp-json\/wp\/v2\/media?parent=1824"}],"curies":[{"name":"wp","href":"https:\/\/api.w.org\/{rel}","templated":true}]}}