{"id":1834,"date":"2021-10-21T10:43:34","date_gmt":"2021-10-21T14:43:34","guid":{"rendered":"https:\/\/physionancygirard.com\/?page_id=1834"},"modified":"2021-12-10T10:00:06","modified_gmt":"2021-12-10T15:00:06","slug":"modalites-anti-inflammatoires","status":"publish","type":"page","link":"https:\/\/physionancygirard.com\/fr\/services\/modalites-anti-inflammatoires\/","title":{"rendered":"Modalit\u00e9s Anti-Inflammatoires"},"content":{"rendered":"<div class=\"wpb-content-wrapper\"><p>[vc_row css=\u00a0\u00bb.vc_custom_1485343525324{margin-top: 40px !important;}\u00a0\u00bb][vc_column width=\u00a0\u00bb1\/2&Prime;] <h2 style=\"color:#727475; padding:px; text-align:; font-size:25px; line-height:35px; letter-spacing: px; font-weight:normal;\" class=\"  service-inside-title nd_options_second_font \">Modalit\u00e9s Anti-Inflammatoires<\/h2> [vc_column_text]<\/p>\n<ul>\n<li>Les modalit\u00e9s anti-inflammatoires \u00e9lectriques comme l\u2019interf\u00e9rentiel et les ultrasons sont fort utiles pour diminuer l\u2019enflure et la douleur.<\/li>\n<\/ul>\n<p>[\/vc_column_text]<div style=\"background-color:; height: 20px;\" class=\"nicdark_section  \"><\/div> <h3 style=\"color:#00aeef; padding:px; text-align:; font-size:23px; line-height:35px; letter-spacing: px; font-weight:normal;\" class=\"   nd_options_second_font \">Exemple Clinique<\/h3> [vc_column_text]<\/p>\n<ul>\n<li>L\u2019application de modalit\u00e9s de faible intensit\u00e9 est non-invasive et peut augmenter la capacit\u00e9 naturelle du corps de se gu\u00e9rir.<\/li>\n<li>Une patient a soulev\u00e9 un objet lourd et s\u2019est bless\u00e9 au bas du dos.<\/li>\n<\/ul>\n<p>[\/vc_column_text]<div style=\"background-color:; height: 20px;\" class=\"nicdark_section  \"><\/div> <h3 style=\"color:#00aeef; padding:px; text-align:; font-size:23px; line-height:35px; letter-spacing: px; font-weight:normal;\" class=\"   nd_options_second_font \">Traitement<\/h3> [vc_column_text]<\/p>\n<ul>\n<li>L\u2019application de courants interf\u00e9rentiels \u00e0 la r\u00e9gion lombaire peut diminuer de fa\u00e7on significative les spasmes musculaires et la douleur.<\/li>\n<li>La patiente sera plus fonctionnelle et pourra ex\u00e9cuter certaines de ses activit\u00e9s quotidiennes.<\/li>\n<\/ul>\n<p>[\/vc_column_text][\/vc_column][vc_column width=\u00a0\u00bb1\/2&Prime;]\n    <div style=\"text-align:center;\" class=\"nd_options_section\">\n      <img decoding=\"async\" alt=\"\" style=\"width:100%;\" class=\" nd_options_margin_0 nd_options_padding_0 \" src=\"https:\/\/physionancygirard.com\/wp-content\/uploads\/2021\/10\/anti-inflammatory-01.jpg\">\n    <\/div>\n   \n    <div style=\"text-align:center;\" class=\"nd_options_section\">\n      <img decoding=\"async\" alt=\"\" style=\"width:100%;\" class=\" nd_options_margin_0 nd_options_padding_0 \" src=\"https:\/\/physionancygirard.com\/wp-content\/uploads\/2021\/10\/anti-inflammatory-02.jpg\">\n    <\/div>\n   [\/vc_column][\/vc_row][vc_row full_width=\u00a0\u00bbstretch_row\u00a0\u00bb parallax=\u00a0\u00bbcontent-moving\u00a0\u00bb parallax_image=\u00a0\u00bb1350&Prime; css=\u00a0\u00bb.vc_custom_1629409355697{margin-top: 60px !important;padding-top: 100px !important;padding-bottom: 100px !important;}\u00a0\u00bb el_class=\u00a0\u00bbnd_options_vc_parallax_filter_1_3 center-background\u00a0\u00bb][vc_column width=\u00a0\u00bb1\/6&Prime;][\/vc_column][vc_column width=\u00a0\u00bb2\/3&Prime;] <p style=\"color:#ffffff; padding:px; text-align:center; font-size:50px; line-height:50px; letter-spacing: px; font-weight:normal;\" class=\"  call-to-action-mobile-text nd_options_first_font \">POUR PRENDRE RENDEZ-VOUS, VEUILLEZ CONTACTER NANCY<\/p> <div style=\"background-color:; height: 30px;\" class=\"nicdark_section  \"><\/div>\n\t<div class=\"nd_options_section nd_options_text_align_center\">\n\t<a style=\"border: px solid #00aeef; border-radius:25px; letter-spacing:px; line-height:16px; font-size:16px; background-color:#00aeef; padding:15px 25px; margin:; color:#ffffff;\" rel=\"\"  href=\"https:\/\/physionancygirard.com\/fr\/contact\/\" class=\"nicdark_display_inline_block   nd_options_first_font  \">CONTACT<\/a>\n\t<\/div>\n<div style=\"background-color:; height: 30px;\" class=\"nicdark_section  \"><\/div>[\/vc_column][vc_column width=\u00a0\u00bb1\/6&Prime;][\/vc_column][\/vc_row]<\/p>\n<\/div>","protected":false},"excerpt":{"rendered":"<p>[vc_row css=\u00a0\u00bb.vc_custom_1485343525324{margin-top: 40px !important;}\u00a0\u00bb][vc_column width=\u00a0\u00bb1\/2&Prime;][vc_column_text] Les modalit\u00e9s anti-inflammatoires \u00e9lectriques comme l\u2019interf\u00e9rentiel et les ultrasons sont fort utiles pour diminuer l\u2019enflure et la douleur. [\/vc_column_text][vc_column_text] L\u2019application de modalit\u00e9s de faible intensit\u00e9 est non-invasive et peut augmenter la capacit\u00e9 naturelle du corps de se gu\u00e9rir. Une patient a soulev\u00e9 un objet lourd et s\u2019est bless\u00e9 au bas [&hellip;]<\/p>\n","protected":false},"author":1,"featured_media":0,"parent":1824,"menu_order":0,"comment_status":"closed","ping_status":"closed","template":"","meta":{"footnotes":""},"class_list":["post-1834","page","type-page","status-publish","hentry"],"_links":{"self":[{"href":"https:\/\/physionancygirard.com\/fr\/wp-json\/wp\/v2\/pages\/1834","targetHints":{"allow":["GET"]}}],"collection":[{"href":"https:\/\/physionancygirard.com\/fr\/wp-json\/wp\/v2\/pages"}],"about":[{"href":"https:\/\/physionancygirard.com\/fr\/wp-json\/wp\/v2\/types\/page"}],"author":[{"embeddable":true,"href":"https:\/\/physionancygirard.com\/fr\/wp-json\/wp\/v2\/users\/1"}],"replies":[{"embeddable":true,"href":"https:\/\/physionancygirard.com\/fr\/wp-json\/wp\/v2\/comments?post=1834"}],"version-history":[{"count":11,"href":"https:\/\/physionancygirard.com\/fr\/wp-json\/wp\/v2\/pages\/1834\/revisions"}],"predecessor-version":[{"id":2212,"href":"https:\/\/physionancygirard.com\/fr\/wp-json\/wp\/v2\/pages\/1834\/revisions\/2212"}],"up":[{"embeddable":true,"href":"https:\/\/physionancygirard.com\/fr\/wp-json\/wp\/v2\/pages\/1824"}],"wp:attachment":[{"href":"https:\/\/physionancygirard.com\/fr\/wp-json\/wp\/v2\/media?parent=1834"}],"curies":[{"name":"wp","href":"https:\/\/api.w.org\/{rel}","templated":true}]}}