{"id":1842,"date":"2021-10-21T12:27:44","date_gmt":"2021-10-21T16:27:44","guid":{"rendered":"https:\/\/physionancygirard.com\/?page_id=1842"},"modified":"2021-12-10T10:12:47","modified_gmt":"2021-12-10T15:12:47","slug":"therapie-cranio-sacree","status":"publish","type":"page","link":"https:\/\/physionancygirard.com\/fr\/services\/therapie-cranio-sacree\/","title":{"rendered":"Th\u00e9rapie Cranio-Sacr\u00e9e"},"content":{"rendered":"<div class=\"wpb-content-wrapper\"><p>[vc_row css=\u00a0\u00bb.vc_custom_1485343525324{margin-top: 40px !important;}\u00a0\u00bb][vc_column width=\u00a0\u00bb1\/2&Prime;] <h2 style=\"color:#727475; padding:px; text-align:; font-size:25px; line-height:25px; letter-spacing: px; font-weight:normal;\" class=\"  service-inside-title nd_options_second_font \">Th\u00e9rapie Cranio-Sacr\u00e9e<\/h2> [vc_column_text]<\/p>\n<ul>\n<li>Une approche tr\u00e8s douce qui vise \u00e0 mobiliser la durem\u00e8re, les nerfs et leurs enveloppes efficace pour migraines et sciatalgies.<\/li>\n<\/ul>\n<p>[\/vc_column_text]<div style=\"background-color:; height: 20px;\" class=\"nicdark_section  \"><\/div> <h3 style=\"color:#00aeef; padding:px; text-align:; font-size:23px; line-height:25px; letter-spacing: px; font-weight:normal;\" class=\"   nd_options_second_font \">Exemple Clinique<\/h3> [vc_column_text]<\/p>\n<ul>\n<li>Le syst\u00e8me cranio-sacr\u00e9e est un syst\u00e8me hydraulique contenu dans la durem\u00e8re, soit la membrane qui entoure le cerveau et la colonne vert\u00e9brale.<\/li>\n<li>Sa fonction principale est la production, circulation et r\u00e9absorption du liquide c\u00e9r\u00e9brospinale.<\/li>\n<li>Il y a une constante augmentation et diminution de pression dans le syst\u00e8me qui est continuellement r\u00e9gularis\u00e9. Ceci explique le mouvement l\u00e9g\u00e8rement perceptible des os du cr\u00e2ne.<\/li>\n<li>Une perturbation de ce m\u00e9canisme peut amener des migraines et syndromes de douleurs chroniques.<\/li>\n<\/ul>\n<p>[\/vc_column_text]<div style=\"background-color:; height: 20px;\" class=\"nicdark_section  \"><\/div> <h3 style=\"color:#00aeef; padding:px; text-align:; font-size:23px; line-height:25px; letter-spacing: px; font-weight:normal;\" class=\"   nd_options_second_font \">Traitement<\/h3> [vc_column_text]<\/p>\n<ul>\n<li style=\"font-weight: 400;\" aria-level=\"1\">En mobilisant la durem\u00e8re et en r\u00e9tablissant le rythme cranio-sacr\u00e9, le syst\u00e8me peut de nouveau s\u2019auto-r\u00e9gularis\u00e9 et \u00e9liminer la douleur.<\/li>\n<\/ul>\n<p>[\/vc_column_text][\/vc_column][vc_column width=\u00a0\u00bb1\/2&Prime;]\n    <div style=\"text-align:center;\" class=\"nd_options_section\">\n      <img decoding=\"async\" alt=\"\" style=\"width:100%;\" class=\" nd_options_margin_0 nd_options_padding_0 \" src=\"https:\/\/physionancygirard.com\/wp-content\/uploads\/2021\/10\/cranio-sacral-01.jpg\">\n    <\/div>\n   \n    <div style=\"text-align:center;\" class=\"nd_options_section\">\n      <img decoding=\"async\" alt=\"\" style=\"width:100%;\" class=\" nd_options_margin_0 nd_options_padding_0 \" src=\"https:\/\/physionancygirard.com\/wp-content\/uploads\/2021\/10\/cranio-sacral-02.jpg\">\n    <\/div>\n   [\/vc_column][\/vc_row][vc_row full_width=\u00a0\u00bbstretch_row\u00a0\u00bb parallax=\u00a0\u00bbcontent-moving\u00a0\u00bb parallax_image=\u00a0\u00bb1350&Prime; css=\u00a0\u00bb.vc_custom_1629409355697{margin-top: 60px !important;padding-top: 100px !important;padding-bottom: 100px !important;}\u00a0\u00bb el_class=\u00a0\u00bbnd_options_vc_parallax_filter_1_3 center-background\u00a0\u00bb][vc_column width=\u00a0\u00bb1\/6&Prime;][\/vc_column][vc_column width=\u00a0\u00bb2\/3&Prime;] <p style=\"color:#ffffff; padding:px; text-align:center; font-size:50px; line-height:50px; letter-spacing: px; font-weight:normal;\" class=\"  call-to-action-mobile-text nd_options_first_font \">POUR PRENDRE RENDEZ-VOUS, VEUILLEZ CONTACTER NANCY<\/p> <div style=\"background-color:; height: 30px;\" class=\"nicdark_section  \"><\/div>\n\t<div class=\"nd_options_section nd_options_text_align_center\">\n\t<a style=\"border: px solid #00aeef; border-radius:25px; letter-spacing:px; line-height:16px; font-size:16px; background-color:#00aeef; padding:15px 25px; margin:; color:#ffffff;\" rel=\"\"  href=\"https:\/\/physionancygirard.com\/fr\/contact\/\" class=\"nicdark_display_inline_block   nd_options_first_font  \">CONTACT<\/a>\n\t<\/div>\n<div style=\"background-color:; height: 30px;\" class=\"nicdark_section  \"><\/div>[\/vc_column][vc_column width=\u00a0\u00bb1\/6&Prime;][\/vc_column][\/vc_row]<\/p>\n<\/div>","protected":false},"excerpt":{"rendered":"<p>[vc_row css=\u00a0\u00bb.vc_custom_1485343525324{margin-top: 40px !important;}\u00a0\u00bb][vc_column width=\u00a0\u00bb1\/2&Prime;][vc_column_text] Une approche tr\u00e8s douce qui vise \u00e0 mobiliser la durem\u00e8re, les nerfs et leurs enveloppes efficace pour migraines et sciatalgies. [\/vc_column_text][vc_column_text] Le syst\u00e8me cranio-sacr\u00e9e est un syst\u00e8me hydraulique contenu dans la durem\u00e8re, soit la membrane qui entoure le cerveau et la colonne vert\u00e9brale. Sa fonction principale est la production, circulation [&hellip;]<\/p>\n","protected":false},"author":1,"featured_media":0,"parent":1824,"menu_order":0,"comment_status":"closed","ping_status":"closed","template":"","meta":{"footnotes":""},"class_list":["post-1842","page","type-page","status-publish","hentry"],"_links":{"self":[{"href":"https:\/\/physionancygirard.com\/fr\/wp-json\/wp\/v2\/pages\/1842","targetHints":{"allow":["GET"]}}],"collection":[{"href":"https:\/\/physionancygirard.com\/fr\/wp-json\/wp\/v2\/pages"}],"about":[{"href":"https:\/\/physionancygirard.com\/fr\/wp-json\/wp\/v2\/types\/page"}],"author":[{"embeddable":true,"href":"https:\/\/physionancygirard.com\/fr\/wp-json\/wp\/v2\/users\/1"}],"replies":[{"embeddable":true,"href":"https:\/\/physionancygirard.com\/fr\/wp-json\/wp\/v2\/comments?post=1842"}],"version-history":[{"count":9,"href":"https:\/\/physionancygirard.com\/fr\/wp-json\/wp\/v2\/pages\/1842\/revisions"}],"predecessor-version":[{"id":2216,"href":"https:\/\/physionancygirard.com\/fr\/wp-json\/wp\/v2\/pages\/1842\/revisions\/2216"}],"up":[{"embeddable":true,"href":"https:\/\/physionancygirard.com\/fr\/wp-json\/wp\/v2\/pages\/1824"}],"wp:attachment":[{"href":"https:\/\/physionancygirard.com\/fr\/wp-json\/wp\/v2\/media?parent=1842"}],"curies":[{"name":"wp","href":"https:\/\/api.w.org\/{rel}","templated":true}]}}