{"id":1846,"date":"2021-10-21T12:50:05","date_gmt":"2021-10-21T16:50:05","guid":{"rendered":"https:\/\/physionancygirard.com\/?page_id=1846"},"modified":"2021-12-10T10:18:03","modified_gmt":"2021-12-10T15:18:03","slug":"reeducation-vertiges","status":"publish","type":"page","link":"https:\/\/physionancygirard.com\/fr\/services\/reeducation-vertiges\/","title":{"rendered":"R\u00e9\u00e9ducation Vertiges"},"content":{"rendered":"<div class=\"wpb-content-wrapper\"><p>[vc_row css=\u00a0\u00bb.vc_custom_1485343525324{margin-top: 40px !important;}\u00a0\u00bb][vc_column width=\u00a0\u00bb1\/2&Prime;] <h2 style=\"color:#727475; padding:px; text-align:; font-size:25px; line-height:35px; letter-spacing: px; font-weight:normal;\" class=\"  service-inside-title nd_options_second_font \">R\u00e9\u00e9ducation Vertiges<\/h2> [vc_column_text]<\/p>\n<ul>\n<li>Il existe plusieurs causes d\u2019\u00e9tourdissements mais la physioth\u00e9rapie est utile pour celles qui ont pour origine l\u2019oreille interne.<\/li>\n<\/ul>\n<p>[\/vc_column_text]<div style=\"background-color:; height: 20px;\" class=\"nicdark_section  \"><\/div> <h3 style=\"color:#00aeef; padding:px; text-align:; font-size:23px; line-height:35px; letter-spacing: px; font-weight:normal;\" class=\"   nd_options_second_font \">Exemple Clinique<\/h3> [vc_column_text]<\/p>\n<ul>\n<li style=\"font-weight: 400;\" aria-level=\"1\"><span style=\"font-weight: 400;\">Des patients qui se plaignent d\u2019\u00e9tourdissements dans certaines positions de la t\u00eate, suite \u00e0 un accident de la route ou une commotion, avec des migraines ou post labyrinthite seront r\u00e9fer\u00e9s en physioth\u00e9rapie.<\/span><\/li>\n<li style=\"font-weight: 400;\" aria-level=\"1\"><span style=\"font-weight: 400;\">Le vertige paroxystique positionnel b\u00e9nin (VPPB) est la cause la plus commune de vertiges.<\/span><\/li>\n<li style=\"font-weight: 400;\" aria-level=\"1\"><span style=\"font-weight: 400;\">Les sympt\u00f4mes apparaissent soudainement et sans raison apparente.et sont provoqu\u00e9s par certaines positions de la t\u00eate.<\/span><\/li>\n<\/ul>\n<p>[\/vc_column_text]<div style=\"background-color:; height: 20px;\" class=\"nicdark_section  \"><\/div> <h3 style=\"color:#00aeef; padding:px; text-align:; font-size:23px; line-height:35px; letter-spacing: px; font-weight:normal;\" class=\"   nd_options_second_font \">Traitement<\/h3> [vc_column_text]<\/p>\n<ul>\n<li style=\"font-weight: 400;\" aria-level=\"1\"><span style=\"font-weight: 400;\">L\u2019historique du d\u00e9but des \u00e9toudissements de m\u00eame qu\u2019une \u00e9valuation de la marche, de l\u2019\u00e9quilibre, de la fonction visuelle et des mouvements du cou et du tronc aideront \u00e0 d\u00e9finir le plan de traitement.<\/span><\/li>\n<li style=\"font-weight: 400;\" aria-level=\"1\"><span style=\"font-weight: 400;\">Des exercices sp\u00e9cifiques de m\u00eame que certaines manoeuvres de correction aideront \u00e0 recruter la capacit\u00e9 normale du corps \u00e0 compenser. Vous pourrez retrouver une vie normale.<\/span><\/li>\n<\/ul>\n<p>[\/vc_column_text][\/vc_column][vc_column width=\u00a0\u00bb1\/2&Prime;]\n    <div style=\"text-align:center;\" class=\"nd_options_section\">\n      <img decoding=\"async\" alt=\"\" style=\"width:100%;\" class=\" nd_options_margin_0 nd_options_padding_0 \" src=\"https:\/\/physionancygirard.com\/wp-content\/uploads\/2021\/10\/dizziness-01.jpg\">\n    <\/div>\n   \n    <div style=\"text-align:center;\" class=\"nd_options_section\">\n      <img decoding=\"async\" alt=\"\" style=\"width:100%;\" class=\" nd_options_margin_0 nd_options_padding_0 \" src=\"https:\/\/physionancygirard.com\/wp-content\/uploads\/2021\/08\/vestibular-rehabilitation-02.jpg\">\n    <\/div>\n   [\/vc_column][\/vc_row][vc_row full_width=\u00a0\u00bbstretch_row\u00a0\u00bb parallax=\u00a0\u00bbcontent-moving\u00a0\u00bb parallax_image=\u00a0\u00bb1350&Prime; css=\u00a0\u00bb.vc_custom_1629409355697{margin-top: 60px !important;padding-top: 100px !important;padding-bottom: 100px !important;}\u00a0\u00bb el_class=\u00a0\u00bbnd_options_vc_parallax_filter_1_3 center-background\u00a0\u00bb][vc_column width=\u00a0\u00bb1\/6&Prime;][\/vc_column][vc_column width=\u00a0\u00bb2\/3&Prime;] <p style=\"color:#ffffff; padding:px; text-align:center; font-size:50px; line-height:50px; letter-spacing: px; font-weight:normal;\" class=\"  call-to-action-mobile-text nd_options_first_font \">POUR PRENDRE RENDEZ-VOUS, VEUILLEZ CONTACTER NANCY<\/p> <div style=\"background-color:; height: 30px;\" class=\"nicdark_section  \"><\/div>\n\t<div class=\"nd_options_section nd_options_text_align_center\">\n\t<a style=\"border: px solid #00aeef; border-radius:25px; letter-spacing:px; line-height:16px; font-size:16px; background-color:#00aeef; padding:15px 25px; margin:; color:#ffffff;\" rel=\"\"  href=\"https:\/\/physionancygirard.com\/fr\/contact\/\" class=\"nicdark_display_inline_block   nd_options_first_font  \">CONTACT<\/a>\n\t<\/div>\n<div style=\"background-color:; height: 30px;\" class=\"nicdark_section  \"><\/div>[\/vc_column][vc_column width=\u00a0\u00bb1\/6&Prime;][\/vc_column][\/vc_row]<\/p>\n<\/div>","protected":false},"excerpt":{"rendered":"<p>[vc_row css=\u00a0\u00bb.vc_custom_1485343525324{margin-top: 40px !important;}\u00a0\u00bb][vc_column width=\u00a0\u00bb1\/2&Prime;][vc_column_text] Il existe plusieurs causes d\u2019\u00e9tourdissements mais la physioth\u00e9rapie est utile pour celles qui ont pour origine l\u2019oreille interne. [\/vc_column_text][vc_column_text] Des patients qui se plaignent d\u2019\u00e9tourdissements dans certaines positions de la t\u00eate, suite \u00e0 un accident de la route ou une commotion, avec des migraines ou post labyrinthite seront r\u00e9fer\u00e9s en [&hellip;]<\/p>\n","protected":false},"author":1,"featured_media":0,"parent":1824,"menu_order":0,"comment_status":"closed","ping_status":"closed","template":"","meta":{"footnotes":""},"class_list":["post-1846","page","type-page","status-publish","hentry"],"_links":{"self":[{"href":"https:\/\/physionancygirard.com\/fr\/wp-json\/wp\/v2\/pages\/1846","targetHints":{"allow":["GET"]}}],"collection":[{"href":"https:\/\/physionancygirard.com\/fr\/wp-json\/wp\/v2\/pages"}],"about":[{"href":"https:\/\/physionancygirard.com\/fr\/wp-json\/wp\/v2\/types\/page"}],"author":[{"embeddable":true,"href":"https:\/\/physionancygirard.com\/fr\/wp-json\/wp\/v2\/users\/1"}],"replies":[{"embeddable":true,"href":"https:\/\/physionancygirard.com\/fr\/wp-json\/wp\/v2\/comments?post=1846"}],"version-history":[{"count":9,"href":"https:\/\/physionancygirard.com\/fr\/wp-json\/wp\/v2\/pages\/1846\/revisions"}],"predecessor-version":[{"id":2218,"href":"https:\/\/physionancygirard.com\/fr\/wp-json\/wp\/v2\/pages\/1846\/revisions\/2218"}],"up":[{"embeddable":true,"href":"https:\/\/physionancygirard.com\/fr\/wp-json\/wp\/v2\/pages\/1824"}],"wp:attachment":[{"href":"https:\/\/physionancygirard.com\/fr\/wp-json\/wp\/v2\/media?parent=1846"}],"curies":[{"name":"wp","href":"https:\/\/api.w.org\/{rel}","templated":true}]}}