{"id":1848,"date":"2021-10-21T13:13:53","date_gmt":"2021-10-21T17:13:53","guid":{"rendered":"https:\/\/physionancygirard.com\/?page_id=1848"},"modified":"2021-12-10T10:23:04","modified_gmt":"2021-12-10T15:23:04","slug":"prescription-dexercices","status":"publish","type":"page","link":"https:\/\/physionancygirard.com\/fr\/services\/prescription-dexercices\/","title":{"rendered":"Prescription d\u2019exercices"},"content":{"rendered":"<div class=\"wpb-content-wrapper\"><p>[vc_row css=\u00a0\u00bb.vc_custom_1485343525324{margin-top: 40px !important;}\u00a0\u00bb][vc_column width=\u00a0\u00bb1\/2&Prime;] <h2 style=\"color:#727475; padding:px; text-align:; font-size:25px; line-height:25px; letter-spacing: px; font-weight:normal;\" class=\"  service-inside-title nd_options_second_font \">Prescription d\u2019exercices<\/h2> [vc_column_text]<\/p>\n<ul>\n<li>Un programme d\u2019exercices adapt\u00e9 \u00e0 vos besoins et \u00e0 votre niveau d\u2019activit\u00e9 physique sera prescrit et contribuera \u00e0 votre bien-\u00eatre<\/li>\n<li>Les exercices seront disponibles par courriel avec Physiotec incluant photos et vid\u00e9os.<\/li>\n<\/ul>\n<p>[\/vc_column_text]<div style=\"background-color:; height: 20px;\" class=\"nicdark_section  \"><\/div> <h3 style=\"color:#00aeef; padding:px; text-align:; font-size:23px; line-height:25px; letter-spacing: px; font-weight:normal;\" class=\"   nd_options_second_font \">Exemple Clinique<\/h3> [vc_column_text]<\/p>\n<ul>\n<li>Chaque patient a des besoins diff\u00e9rents bas\u00e9 sur son niveau d\u2019activit\u00e9 physique, son travail, son \u00e2ge et ses ant\u00e9c\u00e9dents m\u00e9dicaux.<\/li>\n<li>Selon les donn\u00e9es de l\u2019\u00e9valuation, des exercices seront prescrits et progress\u00e9s \u00e0 mesure que le patient s\u2019am\u00e9liore.<\/li>\n<li>Un cycliste souffre de douleurs au dos chaque fois qu\u2019il termine une randonn\u00e9e de plus de 20km.<\/li>\n<\/ul>\n<p>[\/vc_column_text]<div style=\"background-color:; height: 20px;\" class=\"nicdark_section  \"><\/div> <h3 style=\"color:#00aeef; padding:px; text-align:; font-size:23px; line-height:25px; letter-spacing: px; font-weight:normal;\" class=\"   nd_options_second_font \">Traitement<\/h3> [vc_column_text]<\/p>\n<ul>\n<li>Des exercices d\u2019extension pour contrer la position de flexion prolong\u00e9e de m\u00eame que des \u00e9tirements des ischios-jambiers et des quadriceps aideront \u00e0 pr\u00e9venir ces douleurs post v\u00e9lo.<\/li>\n<\/ul>\n<p>[\/vc_column_text][\/vc_column][vc_column width=\u00a0\u00bb1\/2&Prime;]\n    <div style=\"text-align:center;\" class=\"nd_options_section\">\n      <img decoding=\"async\" alt=\"\" style=\"width:100%;\" class=\" nd_options_margin_0 nd_options_padding_0 \" src=\"https:\/\/physionancygirard.com\/wp-content\/uploads\/2021\/10\/exercise-prescription-01.jpg\">\n    <\/div>\n   \n    <div style=\"text-align:center;\" class=\"nd_options_section\">\n      <img decoding=\"async\" alt=\"\" style=\"width:100%;\" class=\" nd_options_margin_0 nd_options_padding_0 \" src=\"https:\/\/physionancygirard.com\/wp-content\/uploads\/2021\/10\/exercise-prescription-02.jpg\">\n    <\/div>\n   [\/vc_column][\/vc_row][vc_row full_width=\u00a0\u00bbstretch_row\u00a0\u00bb parallax=\u00a0\u00bbcontent-moving\u00a0\u00bb parallax_image=\u00a0\u00bb1350&Prime; css=\u00a0\u00bb.vc_custom_1629409355697{margin-top: 60px !important;padding-top: 100px !important;padding-bottom: 100px !important;}\u00a0\u00bb el_class=\u00a0\u00bbnd_options_vc_parallax_filter_1_3 center-background\u00a0\u00bb][vc_column width=\u00a0\u00bb1\/6&Prime;][\/vc_column][vc_column width=\u00a0\u00bb2\/3&Prime;] <p style=\"color:#ffffff; padding:px; text-align:center; font-size:50px; line-height:50px; letter-spacing: px; font-weight:normal;\" class=\"  call-to-action-mobile-text nd_options_first_font \">POUR PRENDRE RENDEZ-VOUS, VEUILLEZ CONTACTER NANCY<\/p> <div style=\"background-color:; height: 30px;\" class=\"nicdark_section  \"><\/div>\n\t<div class=\"nd_options_section nd_options_text_align_center\">\n\t<a style=\"border: px solid #00aeef; border-radius:25px; letter-spacing:px; line-height:16px; font-size:16px; background-color:#00aeef; padding:15px 25px; margin:; color:#ffffff;\" rel=\"\"  href=\"https:\/\/physionancygirard.com\/fr\/contact\/\" class=\"nicdark_display_inline_block   nd_options_first_font  \">CONTACT<\/a>\n\t<\/div>\n<div style=\"background-color:; height: 30px;\" class=\"nicdark_section  \"><\/div>[\/vc_column][vc_column width=\u00a0\u00bb1\/6&Prime;][\/vc_column][\/vc_row]<\/p>\n<\/div>","protected":false},"excerpt":{"rendered":"<p>[vc_row css=\u00a0\u00bb.vc_custom_1485343525324{margin-top: 40px !important;}\u00a0\u00bb][vc_column width=\u00a0\u00bb1\/2&Prime;][vc_column_text] Un programme d\u2019exercices adapt\u00e9 \u00e0 vos besoins et \u00e0 votre niveau d\u2019activit\u00e9 physique sera prescrit et contribuera \u00e0 votre bien-\u00eatre Les exercices seront disponibles par courriel avec Physiotec incluant photos et vid\u00e9os. [\/vc_column_text][vc_column_text] Chaque patient a des besoins diff\u00e9rents bas\u00e9 sur son niveau d\u2019activit\u00e9 physique, son travail, son \u00e2ge et [&hellip;]<\/p>\n","protected":false},"author":1,"featured_media":0,"parent":1824,"menu_order":0,"comment_status":"closed","ping_status":"closed","template":"","meta":{"footnotes":""},"class_list":["post-1848","page","type-page","status-publish","hentry"],"_links":{"self":[{"href":"https:\/\/physionancygirard.com\/fr\/wp-json\/wp\/v2\/pages\/1848","targetHints":{"allow":["GET"]}}],"collection":[{"href":"https:\/\/physionancygirard.com\/fr\/wp-json\/wp\/v2\/pages"}],"about":[{"href":"https:\/\/physionancygirard.com\/fr\/wp-json\/wp\/v2\/types\/page"}],"author":[{"embeddable":true,"href":"https:\/\/physionancygirard.com\/fr\/wp-json\/wp\/v2\/users\/1"}],"replies":[{"embeddable":true,"href":"https:\/\/physionancygirard.com\/fr\/wp-json\/wp\/v2\/comments?post=1848"}],"version-history":[{"count":9,"href":"https:\/\/physionancygirard.com\/fr\/wp-json\/wp\/v2\/pages\/1848\/revisions"}],"predecessor-version":[{"id":2220,"href":"https:\/\/physionancygirard.com\/fr\/wp-json\/wp\/v2\/pages\/1848\/revisions\/2220"}],"up":[{"embeddable":true,"href":"https:\/\/physionancygirard.com\/fr\/wp-json\/wp\/v2\/pages\/1824"}],"wp:attachment":[{"href":"https:\/\/physionancygirard.com\/fr\/wp-json\/wp\/v2\/media?parent=1848"}],"curies":[{"name":"wp","href":"https:\/\/api.w.org\/{rel}","templated":true}]}}