{"id":1853,"date":"2021-10-21T13:40:07","date_gmt":"2021-10-21T17:40:07","guid":{"rendered":"https:\/\/physionancygirard.com\/?page_id=1853"},"modified":"2021-12-10T10:32:35","modified_gmt":"2021-12-10T15:32:35","slug":"therapie-manuelle","status":"publish","type":"page","link":"https:\/\/physionancygirard.com\/fr\/services\/therapie-manuelle\/","title":{"rendered":"Th\u00e9rapie Manuelle"},"content":{"rendered":"<div class=\"wpb-content-wrapper\"><p>[vc_row css=\u00a0\u00bb.vc_custom_1485343525324{margin-top: 40px !important;}\u00a0\u00bb][vc_column width=\u00a0\u00bb1\/2&Prime;] <h2 style=\"color:#727475; padding:px; text-align:; font-size:25px; line-height:25px; letter-spacing: px; font-weight:normal;\" class=\"  service-inside-title nd_options_second_font \">Th\u00e9rapie Manuelle<\/h2> [vc_column_text]<\/p>\n<ul>\n<li>Ex\u00e9cut\u00e9 avec les mains, les articulations sont mobilis\u00e9s dans certaines directions et \u00e0 diff\u00e9rentes <span style=\"font-weight: 400;\">vitesse<\/span><span style=\"font-weight: 400;\">s<\/span> pour retrouver un mouvement complet.<\/li>\n<li>Des \u00e9tirements et des mouvements passifs et actifs-assist\u00e9s contribuent aussi \u00e0 optimiser la fonction.<\/li>\n<\/ul>\n<p>[\/vc_column_text]<div style=\"background-color:; height: 20px;\" class=\"nicdark_section  \"><\/div> <h3 style=\"color:#00aeef; padding:px; text-align:; font-size:23px; line-height:25px; letter-spacing: px; font-weight:normal;\" class=\"   nd_options_second_font \">Exemple Clinique<\/h3> [vc_column_text]<\/p>\n<ul>\n<li>Toutes les articulations du corps bougent dans certaines directions nous permettant de se d\u00e9placer librement.<\/li>\n<li>Par exemple lors de la flexion du genou, le tibia glisse vers l\u2019arri\u00e8re alors que le f\u00e9mur glisse vers l\u2019avant.<\/li>\n<li>Un patient se plaint de douleurs et de raideurs au genou. Il ne peut s\u2019accroupir ni descendre les marches.<\/li>\n<\/ul>\n<p>[\/vc_column_text]<div style=\"background-color:; height: 20px;\" class=\"nicdark_section  \"><\/div> <h3 style=\"color:#00aeef; padding:px; text-align:; font-size:23px; line-height:25px; letter-spacing: px; font-weight:normal;\" class=\"   nd_options_second_font \">Traitement<\/h3> [vc_column_text]<\/p>\n<ul>\n<li style=\"font-weight: 400;\" aria-level=\"1\"><span style=\"font-weight: 400;\">Des techniques de th\u00e9rapie manuelle comme la traction et des glissements osseux du tibia sur le f\u00e9mur aideront \u00e0 regagner le mouvement du genou.<\/span><\/li>\n<li style=\"font-weight: 400;\" aria-level=\"1\"><span style=\"font-weight: 400;\">Un programme d\u2019exercices compl\u00e9mentaire sera prescrit afin d\u2019\u00e9viter les r\u00e9cidives.<\/span><\/li>\n<\/ul>\n<p>[\/vc_column_text][\/vc_column][vc_column width=\u00a0\u00bb1\/2&Prime;]\n    <div style=\"text-align:;\" class=\"nd_options_section\">\n      <img decoding=\"async\" alt=\"\" style=\"width:100%;\" class=\" nd_options_margin_0 nd_options_padding_0 \" src=\"https:\/\/physionancygirard.com\/wp-content\/uploads\/2021\/11\/manual-therapy-01n.jpg\">\n    <\/div>\n   \n    <div style=\"text-align:;\" class=\"nd_options_section\">\n      <img decoding=\"async\" alt=\"\" style=\"width:100%;\" class=\" nd_options_margin_0 nd_options_padding_0 \" src=\"https:\/\/physionancygirard.com\/wp-content\/uploads\/2021\/11\/manual-therapy-02n.jpg\">\n    <\/div>\n   [\/vc_column][\/vc_row][vc_row full_width=\u00a0\u00bbstretch_row\u00a0\u00bb parallax=\u00a0\u00bbcontent-moving\u00a0\u00bb parallax_image=\u00a0\u00bb1350&Prime; css=\u00a0\u00bb.vc_custom_1629409355697{margin-top: 60px !important;padding-top: 100px !important;padding-bottom: 100px !important;}\u00a0\u00bb el_class=\u00a0\u00bbnd_options_vc_parallax_filter_1_3 center-background\u00a0\u00bb][vc_column width=\u00a0\u00bb1\/6&Prime;][\/vc_column][vc_column width=\u00a0\u00bb2\/3&Prime;] <p style=\"color:#ffffff; padding:px; text-align:center; font-size:50px; line-height:50px; letter-spacing: px; font-weight:normal;\" class=\"  call-to-action-mobile-text nd_options_first_font \">POUR PRENDRE RENDEZ-VOUS, VEUILLEZ CONTACTER NANCY<\/p> <div style=\"background-color:; height: 30px;\" class=\"nicdark_section  \"><\/div>\n\t<div class=\"nd_options_section nd_options_text_align_center\">\n\t<a style=\"border: px solid #00aeef; border-radius:25px; letter-spacing:px; line-height:16px; font-size:16px; background-color:#00aeef; padding:15px 25px; margin:; color:#ffffff;\" rel=\"\"  href=\"https:\/\/physionancygirard.com\/fr\/contact\/\" class=\"nicdark_display_inline_block   nd_options_first_font  \">CONTACT<\/a>\n\t<\/div>\n<div style=\"background-color:; height: 30px;\" class=\"nicdark_section  \"><\/div>[\/vc_column][vc_column width=\u00a0\u00bb1\/6&Prime;][\/vc_column][\/vc_row]<\/p>\n<\/div>","protected":false},"excerpt":{"rendered":"<p>[vc_row css=\u00a0\u00bb.vc_custom_1485343525324{margin-top: 40px !important;}\u00a0\u00bb][vc_column width=\u00a0\u00bb1\/2&Prime;][vc_column_text] Ex\u00e9cut\u00e9 avec les mains, les articulations sont mobilis\u00e9s dans certaines directions et \u00e0 diff\u00e9rentes vitesses pour retrouver un mouvement complet. Des \u00e9tirements et des mouvements passifs et actifs-assist\u00e9s contribuent aussi \u00e0 optimiser la fonction. [\/vc_column_text][vc_column_text] Toutes les articulations du corps bougent dans certaines directions nous permettant de se d\u00e9placer librement. [&hellip;]<\/p>\n","protected":false},"author":1,"featured_media":0,"parent":1824,"menu_order":0,"comment_status":"closed","ping_status":"closed","template":"","meta":{"footnotes":""},"class_list":["post-1853","page","type-page","status-publish","hentry"],"_links":{"self":[{"href":"https:\/\/physionancygirard.com\/fr\/wp-json\/wp\/v2\/pages\/1853","targetHints":{"allow":["GET"]}}],"collection":[{"href":"https:\/\/physionancygirard.com\/fr\/wp-json\/wp\/v2\/pages"}],"about":[{"href":"https:\/\/physionancygirard.com\/fr\/wp-json\/wp\/v2\/types\/page"}],"author":[{"embeddable":true,"href":"https:\/\/physionancygirard.com\/fr\/wp-json\/wp\/v2\/users\/1"}],"replies":[{"embeddable":true,"href":"https:\/\/physionancygirard.com\/fr\/wp-json\/wp\/v2\/comments?post=1853"}],"version-history":[{"count":8,"href":"https:\/\/physionancygirard.com\/fr\/wp-json\/wp\/v2\/pages\/1853\/revisions"}],"predecessor-version":[{"id":2222,"href":"https:\/\/physionancygirard.com\/fr\/wp-json\/wp\/v2\/pages\/1853\/revisions\/2222"}],"up":[{"embeddable":true,"href":"https:\/\/physionancygirard.com\/fr\/wp-json\/wp\/v2\/pages\/1824"}],"wp:attachment":[{"href":"https:\/\/physionancygirard.com\/fr\/wp-json\/wp\/v2\/media?parent=1853"}],"curies":[{"name":"wp","href":"https:\/\/api.w.org\/{rel}","templated":true}]}}