{"id":1859,"date":"2021-10-21T15:42:13","date_gmt":"2021-10-21T19:42:13","guid":{"rendered":"https:\/\/physionancygirard.com\/?page_id=1859"},"modified":"2021-12-10T10:42:23","modified_gmt":"2021-12-10T15:42:23","slug":"trauma-cranien","status":"publish","type":"page","link":"https:\/\/physionancygirard.com\/fr\/services\/trauma-cranien\/","title":{"rendered":"Trauma Cr\u00e2nien"},"content":{"rendered":"<div class=\"wpb-content-wrapper\"><p>[vc_row css=\u00a0\u00bb.vc_custom_1485343525324{margin-top: 40px !important;}\u00a0\u00bb][vc_column width=\u00a0\u00bb1\/2&Prime;] <h2 style=\"color:#727475; padding:px; text-align:; font-size:25px; line-height:35px; letter-spacing: px; font-weight:normal;\" class=\"  service-inside-title nd_options_second_font \">Trauma Cr\u00e2nien<\/h2> [vc_column_text]<\/p>\n<ul>\n<li>Des exercices peuvent aider avec les \u00e9tourdissements, probl\u00e8mes visuels et d&rsquo;\u00e9quilibre, migraines et douleurs au cou.<\/li>\n<\/ul>\n<p>[\/vc_column_text]<div style=\"background-color:; height: 20px;\" class=\"nicdark_section  \"><\/div> <h3 style=\"color:#00aeef; padding:px; text-align:; font-size:23px; line-height:35px; letter-spacing: px; font-weight:normal;\" class=\"   nd_options_second_font \">Exemple Clinique<\/h3> [vc_column_text]<\/p>\n<ul>\n<li style=\"font-weight: 400;\" aria-level=\"1\"><span style=\"font-weight: 400;\">Les traumas cr\u00e2niens sont tr\u00e8s fr\u00e9quents au soccer, football, hockey, boxe, gymnastique et les arts martiaux de m\u00eame que lors d\u2019accidents de la route.<\/span><\/li>\n<li style=\"font-weight: 400;\" aria-level=\"1\"><span style=\"font-weight: 400;\">Les d\u00e9ficits neurologiques sont vari\u00e9s et peuvent devenir chroniques.<\/span><\/li>\n<li aria-level=\"1\">Un patient souffre de troubles d\u2019\u00e9quilibre surtout \u00e0 la marche \u00e0 l\u2019ext\u00e9rieur.<\/li>\n<\/ul>\n<p>[\/vc_column_text]<div style=\"background-color:; height: 20px;\" class=\"nicdark_section  \"><\/div> <h3 style=\"color:#00aeef; padding:px; text-align:; font-size:23px; line-height:35px; letter-spacing: px; font-weight:normal;\" class=\"   nd_options_second_font \">Traitement<\/h3> [vc_column_text]<\/p>\n<ul>\n<li>Des exercices d\u2019\u00e9quilibre dynamique avec l\u2019utilisation de trampolines en changeant progressivement les rep\u00e8res visuels aideront le patient \u00e0 compenser et \u00e0 corriger le probl\u00e8me.<\/li>\n<\/ul>\n<p>[\/vc_column_text][\/vc_column][vc_column width=\u00a0\u00bb1\/2&Prime;]\n    <div style=\"text-align:center;\" class=\"nd_options_section\">\n      <img decoding=\"async\" alt=\"\" style=\"width:100%;\" class=\" nd_options_margin_0 nd_options_padding_0 \" src=\"https:\/\/physionancygirard.com\/wp-content\/uploads\/2021\/08\/post-concussion-01.jpg\">\n    <\/div>\n   \n    <div style=\"text-align:center;\" class=\"nd_options_section\">\n      <img decoding=\"async\" alt=\"\" style=\"width:100%;\" class=\" nd_options_margin_0 nd_options_padding_0 \" src=\"https:\/\/physionancygirard.com\/wp-content\/uploads\/2021\/08\/post-concussion-02.jpg\">\n    <\/div>\n   [\/vc_column][\/vc_row][vc_row full_width=\u00a0\u00bbstretch_row\u00a0\u00bb parallax=\u00a0\u00bbcontent-moving\u00a0\u00bb parallax_image=\u00a0\u00bb1350&Prime; css=\u00a0\u00bb.vc_custom_1629409355697{margin-top: 60px !important;padding-top: 100px !important;padding-bottom: 100px !important;}\u00a0\u00bb el_class=\u00a0\u00bbnd_options_vc_parallax_filter_1_3 center-background\u00a0\u00bb][vc_column width=\u00a0\u00bb1\/6&Prime;][\/vc_column][vc_column width=\u00a0\u00bb2\/3&Prime;] <p style=\"color:#ffffff; padding:px; text-align:center; font-size:50px; line-height:50px; letter-spacing: px; font-weight:normal;\" class=\"  call-to-action-mobile-text nd_options_first_font \">POUR PRENDRE RENDEZ-VOUS, VEUILLEZ CONTACTER NANCY<\/p> <div style=\"background-color:; height: 30px;\" class=\"nicdark_section  \"><\/div>\n\t<div class=\"nd_options_section nd_options_text_align_center\">\n\t<a style=\"border: px solid #00aeef; border-radius:25px; letter-spacing:px; line-height:16px; font-size:16px; background-color:#00aeef; padding:15px 25px; margin:; color:#ffffff;\" rel=\"\"  href=\"https:\/\/physionancygirard.com\/fr\/contact\/\" class=\"nicdark_display_inline_block   nd_options_first_font  \">CONTACT<\/a>\n\t<\/div>\n<div style=\"background-color:; height: 30px;\" class=\"nicdark_section  \"><\/div>[\/vc_column][vc_column width=\u00a0\u00bb1\/6&Prime;][\/vc_column][\/vc_row]<\/p>\n<\/div>","protected":false},"excerpt":{"rendered":"<p>[vc_row css=\u00a0\u00bb.vc_custom_1485343525324{margin-top: 40px !important;}\u00a0\u00bb][vc_column width=\u00a0\u00bb1\/2&Prime;][vc_column_text] Des exercices peuvent aider avec les \u00e9tourdissements, probl\u00e8mes visuels et d&rsquo;\u00e9quilibre, migraines et douleurs au cou. [\/vc_column_text][vc_column_text] Les traumas cr\u00e2niens sont tr\u00e8s fr\u00e9quents au soccer, football, hockey, boxe, gymnastique et les arts martiaux de m\u00eame que lors d\u2019accidents de la route. Les d\u00e9ficits neurologiques sont vari\u00e9s et peuvent devenir chroniques. [&hellip;]<\/p>\n","protected":false},"author":1,"featured_media":0,"parent":1824,"menu_order":0,"comment_status":"closed","ping_status":"closed","template":"","meta":{"footnotes":""},"class_list":["post-1859","page","type-page","status-publish","hentry"],"_links":{"self":[{"href":"https:\/\/physionancygirard.com\/fr\/wp-json\/wp\/v2\/pages\/1859","targetHints":{"allow":["GET"]}}],"collection":[{"href":"https:\/\/physionancygirard.com\/fr\/wp-json\/wp\/v2\/pages"}],"about":[{"href":"https:\/\/physionancygirard.com\/fr\/wp-json\/wp\/v2\/types\/page"}],"author":[{"embeddable":true,"href":"https:\/\/physionancygirard.com\/fr\/wp-json\/wp\/v2\/users\/1"}],"replies":[{"embeddable":true,"href":"https:\/\/physionancygirard.com\/fr\/wp-json\/wp\/v2\/comments?post=1859"}],"version-history":[{"count":10,"href":"https:\/\/physionancygirard.com\/fr\/wp-json\/wp\/v2\/pages\/1859\/revisions"}],"predecessor-version":[{"id":2228,"href":"https:\/\/physionancygirard.com\/fr\/wp-json\/wp\/v2\/pages\/1859\/revisions\/2228"}],"up":[{"embeddable":true,"href":"https:\/\/physionancygirard.com\/fr\/wp-json\/wp\/v2\/pages\/1824"}],"wp:attachment":[{"href":"https:\/\/physionancygirard.com\/fr\/wp-json\/wp\/v2\/media?parent=1859"}],"curies":[{"name":"wp","href":"https:\/\/api.w.org\/{rel}","templated":true}]}}