{"id":1971,"date":"2021-10-22T10:45:40","date_gmt":"2021-10-22T14:45:40","guid":{"rendered":"https:\/\/physionancygirard.com\/?page_id=1971"},"modified":"2024-04-08T10:59:00","modified_gmt":"2024-04-08T14:59:00","slug":"temoignages","status":"publish","type":"page","link":"https:\/\/physionancygirard.com\/fr\/temoignages\/","title":{"rendered":"T\u00e9moignages"},"content":{"rendered":"<div class=\"wpb-content-wrapper\"><p>[vc_row][vc_column]<div style=\"background-color:; height: 25px;\" class=\"nicdark_section  \"><\/div>[vc_icon icon_fontawesome=\u00a0\u00bbfas fa-quote-left\u00a0\u00bb color=\u00a0\u00bbcustom\u00a0\u00bb custom_color=\u00a0\u00bb#707070&Prime;] <p style=\"color:#707070; padding:px; text-align:; font-size:16px; line-height:24px; letter-spacing: px; font-weight:normal;\" class=\"   nd_options_second_font \">J\u2019ai consult\u00e9 Mme Girard avec une fasciite plantaire. Grace \u00e0 sa comp\u00e9tence ind\u00e9niable, ses traitements et des exercices journaliers, je peux aujourd\u2019hui marcher sans douleurs. Merci!<\/p> <div style=\"background-color:; height: 18px;\" class=\"nicdark_section  \"><\/div> <p style=\"color:#707070; padding:px; text-align:; font-size:16px; line-height:18px; letter-spacing: px; font-weight:bold;\" class=\"   nd_options_second_font \">G\u00e9rald B.<\/p> [\/vc_column][\/vc_row][vc_row][vc_column]<div style=\"background-color:; height: 25px;\" class=\"nicdark_section  \"><\/div>[vc_icon icon_fontawesome=\u00a0\u00bbfas fa-quote-left\u00a0\u00bb color=\u00a0\u00bbcustom\u00a0\u00bb custom_color=\u00a0\u00bb#707070&Prime;] <p style=\"color:#707070; padding:px; text-align:; font-size:16px; line-height:24px; letter-spacing: px; font-weight:normal;\" class=\"   nd_options_second_font \">Mme Nancy Girard est la meilleure physioth\u00e9rapeute que j\u2019ai connu au cours de ma vie. Ayant eu un accident de voiture, un remplacement de genou et un accident de travail, j\u2019ai n\u00e9cessit\u00e9 plusieurs traitements au fil des ans. Comparativement \u00e0 d\u2019autres qui se souciaient tr\u00e8s peu de mon bien-\u00eatre, elle est constamment \u00e0 l\u2019\u00e9coute, tr\u00e8s professionnelle et vraiment int\u00e9ress\u00e9e par mes progr\u00e8s. En utilisant diff\u00e9rentes techniques (massages, exercices, ultrasons) elle m\u2019aide \u00e0 retrouver le maximum de mes capacit\u00e9s. Nancy Girard est vraiment une experte dans le domaine et je vous la recommande vivement.<\/p> <div style=\"background-color:; height: 18px;\" class=\"nicdark_section  \"><\/div> <p style=\"color:#707070; padding:px; text-align:; font-size:16px; line-height:18px; letter-spacing: px; font-weight:bold;\" class=\"   nd_options_second_font \">Carole M.<\/p> [\/vc_column][\/vc_row][vc_row][vc_column]<div style=\"background-color:; height: 25px;\" class=\"nicdark_section  \"><\/div>[vc_icon icon_fontawesome=\u00a0\u00bbfas fa-quote-left\u00a0\u00bb color=\u00a0\u00bbcustom\u00a0\u00bb custom_color=\u00a0\u00bb#707070&Prime;] <p style=\"color:#707070; padding:px; text-align:; font-size:16px; line-height:24px; letter-spacing: px; font-weight:normal;\" class=\"   nd_options_second_font \">Migraineuse depuis des ann\u00e9es, Nancy Girard m\u2019a donn\u00e9 l\u2019expectative de diminuer la fr\u00e9quence des maux de t\u00eate et att\u00e9nuer la douleur. Ses comp\u00e9tences professionnelles, son \u00e9coute et son \u00e9nergie positive font d\u2019elle une excellente physioth\u00e9rapeute. Je veux la remercier. Ses traitements ont grandement contribu\u00e9 \u00e0 me sentir plus en contr\u00f4le et beaucoup moins souffrante. Je ne savais pas que la physioth\u00e9rapie pouvait intervenir aupr\u00e8s des migraineux. C\u2019est tr\u00e8s positif.<\/p> <div style=\"background-color:; height: 18px;\" class=\"nicdark_section  \"><\/div> <p style=\"color:#707070; padding:px; text-align:; font-size:16px; line-height:18px; letter-spacing: px; font-weight:bold;\" class=\"   nd_options_second_font \">Isabelle T.<\/p> [\/vc_column][\/vc_row][vc_row][vc_column]<div style=\"background-color:; height: 25px;\" class=\"nicdark_section  \"><\/div>[vc_icon icon_fontawesome=\u00a0\u00bbfas fa-quote-left\u00a0\u00bb color=\u00a0\u00bbcustom\u00a0\u00bb custom_color=\u00a0\u00bb#707070&Prime;] <p style=\"color:#707070; padding:px; text-align:; font-size:16px; line-height:24px; letter-spacing: px; font-weight:normal;\" class=\"   nd_options_second_font \">Quand je suis arriv\u00e9e chez Nancy, je n\u2019avais presque plus de mobilit\u00e9 dans mon \u00e9paule et j\u2019avais une douleur constante. Elle a vite cern\u00e9 le probl\u00e8me et a prescrit les exercices qu\u2019il fallait. En quelques mois, j\u2019ai retrouv\u00e9 une mobilit\u00e9 presque compl\u00e9te de mon \u00e9paule. Nancy est professionnelle, positive, tr\u00e8s comp\u00e9tente et capable d\u2019expliquer en termes clairs son intervention. Ce f\u00fbt un r\u00e9el plaisir de travailler avec elle.<\/p> <div style=\"background-color:; height: 18px;\" class=\"nicdark_section  \"><\/div> <p style=\"color:#707070; padding:px; text-align:; font-size:16px; line-height:18px; letter-spacing: px; font-weight:bold;\" class=\"   nd_options_second_font \">Carole C.<\/p> [\/vc_column][\/vc_row][vc_row][vc_column]<div style=\"background-color:; height: 25px;\" class=\"nicdark_section  \"><\/div>[vc_icon icon_fontawesome=\u00a0\u00bbfas fa-quote-left\u00a0\u00bb color=\u00a0\u00bbcustom\u00a0\u00bb custom_color=\u00a0\u00bb#707070&Prime;] <p style=\"color:#707070; padding:px; text-align:; font-size:16px; line-height:24px; letter-spacing: px; font-weight:normal;\" class=\"   nd_options_second_font \">Nancy m\u2019a trait\u00e9 pour des fasciites plantaires et plus tard des douleurs au cou et \u00e9paules. Elle est tr\u00e8s professionnelle et avec les traitements manuels,, ultrasons et exercices, je suis maintenant sans douleurs. Je peux m\u2019entrainer, faire du yoga et m\u00eame courir avec mes filles. Merci!<\/p> <div style=\"background-color:; height: 18px;\" class=\"nicdark_section  \"><\/div> <p style=\"color:#707070; padding:px; text-align:; font-size:16px; line-height:18px; letter-spacing: px; font-weight:bold;\" class=\"   nd_options_second_font \">Liza D.<\/p> [\/vc_column][\/vc_row]<\/p>\n<\/div>","protected":false},"excerpt":{"rendered":"<p>[vc_row][vc_column][vc_icon icon_fontawesome=\u00a0\u00bbfas fa-quote-left\u00a0\u00bb color=\u00a0\u00bbcustom\u00a0\u00bb custom_color=\u00a0\u00bb#707070&Prime;][\/vc_column][\/vc_row][vc_row][vc_column][vc_icon icon_fontawesome=\u00a0\u00bbfas fa-quote-left\u00a0\u00bb color=\u00a0\u00bbcustom\u00a0\u00bb custom_color=\u00a0\u00bb#707070&Prime;][\/vc_column][\/vc_row][vc_row][vc_column][vc_icon icon_fontawesome=\u00a0\u00bbfas fa-quote-left\u00a0\u00bb color=\u00a0\u00bbcustom\u00a0\u00bb custom_color=\u00a0\u00bb#707070&Prime;][\/vc_column][\/vc_row][vc_row][vc_column][vc_icon icon_fontawesome=\u00a0\u00bbfas fa-quote-left\u00a0\u00bb color=\u00a0\u00bbcustom\u00a0\u00bb custom_color=\u00a0\u00bb#707070&Prime;][\/vc_column][\/vc_row][vc_row][vc_column][vc_icon icon_fontawesome=\u00a0\u00bbfas fa-quote-left\u00a0\u00bb color=\u00a0\u00bbcustom\u00a0\u00bb custom_color=\u00a0\u00bb#707070&Prime;][\/vc_column][\/vc_row]<\/p>\n","protected":false},"author":1,"featured_media":0,"parent":0,"menu_order":0,"comment_status":"closed","ping_status":"closed","template":"","meta":{"footnotes":""},"class_list":["post-1971","page","type-page","status-publish","hentry"],"_links":{"self":[{"href":"https:\/\/physionancygirard.com\/fr\/wp-json\/wp\/v2\/pages\/1971","targetHints":{"allow":["GET"]}}],"collection":[{"href":"https:\/\/physionancygirard.com\/fr\/wp-json\/wp\/v2\/pages"}],"about":[{"href":"https:\/\/physionancygirard.com\/fr\/wp-json\/wp\/v2\/types\/page"}],"author":[{"embeddable":true,"href":"https:\/\/physionancygirard.com\/fr\/wp-json\/wp\/v2\/users\/1"}],"replies":[{"embeddable":true,"href":"https:\/\/physionancygirard.com\/fr\/wp-json\/wp\/v2\/comments?post=1971"}],"version-history":[{"count":7,"href":"https:\/\/physionancygirard.com\/fr\/wp-json\/wp\/v2\/pages\/1971\/revisions"}],"predecessor-version":[{"id":2169,"href":"https:\/\/physionancygirard.com\/fr\/wp-json\/wp\/v2\/pages\/1971\/revisions\/2169"}],"wp:attachment":[{"href":"https:\/\/physionancygirard.com\/fr\/wp-json\/wp\/v2\/media?parent=1971"}],"curies":[{"name":"wp","href":"https:\/\/api.w.org\/{rel}","templated":true}]}}